{"id":9473,"date":"2023-02-22T16:31:42","date_gmt":"2023-02-22T15:31:42","guid":{"rendered":"https:\/\/toysanfinques.com\/?page_id=9473"},"modified":"2024-09-17T14:49:42","modified_gmt":"2024-09-17T12:49:42","slug":"inicio","status":"publish","type":"page","link":"https:\/\/toysanfinques.com\/es\/","title":{"rendered":"Inicio"},"content":{"rendered":"\n<h2 class=\"gb-headline gb-headline-a319ba53 gb-headline-text section_title\">Nuestros servicios de administraci\u00f3n de fincas<\/h2>\n\n\n\n<p class=\"has-text-align-center has-medium-font-size\"><em>Estos son los servicios especializados que le ofrecemos en Toysan Finques. \u00a1Te facilitamos el trabajo!<\/em><\/p>\n\n\n<div class=\"gb-container gb-container-ae1e5ec6 wp-block-columns alignwide alignfull\"><div class=\"gb-inside-container\">\n<div class=\"gb-grid-wrapper gb-grid-wrapper-0a052bf9\">\n<div class=\"gb-grid-column gb-grid-column-d7a2af1f\"><div class=\"gb-container gb-container-d7a2af1f\">\n\n<a class=\"gb-button gb-button-0c702499 gb-button-text\" href=\"https:\/\/toysanfinques.com\/es\/gestion-de-comunidades-de-propietarios\/\"><strong>Gesti\u00f3n de comunidades de propietarios<\/strong><\/a>\n\n<\/div><\/div>\n\n<div class=\"gb-grid-column gb-grid-column-bb4000f4\"><div class=\"gb-container gb-container-bb4000f4\">\n\n<a class=\"gb-button gb-button-01788719 gb-button-text\" href=\"https:\/\/toysanfinques.com\/es\/administracion-de-alquileres\/\">Administraci\u00f3n de alquileres<\/a>\n\n<\/div><\/div>\n\n<div class=\"gb-grid-column gb-grid-column-4a108e46\"><div class=\"gb-container gb-container-4a108e46\">\n\n<a class=\"gb-button gb-button-2ac21599 gb-button-text\" href=\"https:\/\/toysanfinques.com\/es\/compraventa-de-inmuebles\/\">Compraventa de inmuebles<\/a>\n\n<\/div><\/div>\n<\/div>\n<\/div><\/div>\n\n<div class=\"gb-container gb-container-1590dda1 alignfull\"><div class=\"gb-inside-container\">\n\n<h2 class=\"gb-headline gb-headline-f29c41d2 gb-headline-text section_title\">\u00bfPor qu\u00e9 Administrar tus Fincas con Toysan Finques?<\/h2>\n\n\n\n<p class=\"has-text-align-center has-medium-font-size\">Administrar tus propiedades puede parecer una tarea sencilla, pero la realidad es que contar con profesionales como Toysan Finques marca la diferencia en la eficiencia y bienestar de tus inversiones. Aqu\u00ed te explicamos por qu\u00e9 es beneficioso confiar en expertos para la gesti\u00f3n de las fincas:<\/p>\n\n<\/div><\/div>\n\n<div class=\"gb-container gb-container-5ccbd9e2 service_item alignfull\"><div class=\"gb-inside-container\">\n\n<div class=\"wp-block-columns alignfull is-layout-flex wp-container-core-columns-is-layout-9d6595d7 wp-block-columns-is-layout-flex\">\n<div class=\"wp-block-column service_item__title has-base-color has-contrast-background-color has-text-color has-background is-layout-flow wp-block-column-is-layout-flow\" style=\"flex-basis:50%\"><div class=\"gb-container gb-container-b5427a80\"><div class=\"gb-inside-container\">\n\n<h3 class=\"gb-headline gb-headline-0ee168c1 gb-headline-text\">Optimizaci\u00f3n de Recursos<\/h3>\n\n<\/div><\/div><\/div>\n\n\n\n<div class=\"wp-block-column is-vertically-aligned-center service_item__content is-layout-flow wp-block-column-is-layout-flow\"><div class=\"gb-container gb-container-fbaf2d08\"><div class=\"gb-inside-container\">\n\n<p>La gesti\u00f3n eficiente de recursos es esencial en la administraci\u00f3n de fincas. En Toysan Finques, utilizamos tecnolog\u00eda avanzada y m\u00e9todos probados para maximizar la rentabilidad de tus propiedades, gestionando costes y garantizando un rendimiento \u00f3ptimo.<\/p>\n\n<\/div><\/div><\/div>\n<\/div>\n\n<\/div><\/div>\n\n<div class=\"gb-container gb-container-506f8c64 service_item alignfull\"><div class=\"gb-inside-container\">\n\n<div class=\"wp-block-columns alignfull is-layout-flex wp-container-core-columns-is-layout-9d6595d7 wp-block-columns-is-layout-flex\">\n<div class=\"wp-block-column service_item__content is-layout-flow wp-block-column-is-layout-flow\"><div class=\"gb-container gb-container-3eba9213\"><div class=\"gb-inside-container\">\n\n<p>Los problemas pueden surgir en cualquier momento, desde reparaciones urgentes hasta disputas entre inquilinos. Contar con profesionales nos permite abordar estas situaciones de forma r\u00e1pida y efectiva, minimizando el impacto negativo en tus propiedades y manteniendo la armon\u00eda en tu comunidad.<\/p>\n\n<\/div><\/div><\/div>\n\n\n\n<div class=\"wp-block-column is-vertically-aligned-center service_item__title has-base-color has-contrast-background-color has-text-color has-background is-layout-flow wp-block-column-is-layout-flow\" style=\"flex-basis:50%\"><div class=\"gb-container gb-container-17e675f4\"><div class=\"gb-inside-container\">\n\n<h3 class=\"gb-headline gb-headline-68467d9b gb-headline-text\">Resoluci\u00f3n R\u00e1pida de Problemas<\/h3>\n\n<\/div><\/div><\/div>\n<\/div>\n\n<\/div><\/div>\n\n<div class=\"gb-container gb-container-3084c05b service_item alignfull\"><div class=\"gb-inside-container\">\n\n<div class=\"wp-block-columns alignfull are-vertically-aligned-center is-layout-flex wp-container-core-columns-is-layout-9d6595d7 wp-block-columns-is-layout-flex\">\n<div class=\"wp-block-column is-vertically-aligned-center service_item__title has-base-color has-contrast-background-color has-text-color has-background is-layout-flow wp-block-column-is-layout-flow\" style=\"flex-basis:50%\"><div class=\"gb-container gb-container-d493ac35\"><div class=\"gb-inside-container\">\n\n<h3 class=\"gb-headline gb-headline-d2af2d3e gb-headline-text\">Cumplimiento Legal y Normativo<\/h3>\n\n<\/div><\/div><\/div>\n\n\n\n<div class=\"wp-block-column is-vertically-aligned-center service_item__content is-layout-flow wp-block-column-is-layout-flow\"><div class=\"gb-container gb-container-a9dd6240\"><div class=\"gb-inside-container\">\n\n<p>La normativa legal en el \u00e1mbito inmobiliario puede ser compleja y cambiante. En Toysan Finques, nos mantenemos actualizados con las regulaciones locales y nacionales, garantizando que tus propiedades cumplan con todas las exigencias legales, evitando posibles sanciones y complicaciones.<\/p>\n\n<\/div><\/div><\/div>\n<\/div>\n\n<\/div><\/div>\n\n<div class=\"gb-container gb-container-ce090243 service_item alignfull\"><div class=\"gb-inside-container\">\n\n<div class=\"wp-block-columns alignfull are-vertically-aligned-center is-layout-flex wp-container-core-columns-is-layout-9d6595d7 wp-block-columns-is-layout-flex\">\n<div class=\"wp-block-column is-vertically-aligned-center service_item__content is-layout-flow wp-block-column-is-layout-flow\"><div class=\"gb-container gb-container-7c20cb08\"><div class=\"gb-inside-container\">\n\n<p>Cada propiedad es \u00fanica, al igual que sus necesidades. Los profesionales de Toysan Finques ofrecen un enfoque personalizado, adapt\u00e1ndose a las caracter\u00edsticas espec\u00edficas de las fincas. Nos preocupamos por entender tus objetivos y trabajamos para alcanzarlos de manera efectiva.<\/p>\n\n<\/div><\/div><\/div>\n\n\n\n<div class=\"wp-block-column is-vertically-aligned-center service_item__title has-base-color has-contrast-background-color has-text-color has-background is-layout-flow wp-block-column-is-layout-flow\" style=\"flex-basis:50%\"><div class=\"gb-container gb-container-8b10da10\"><div class=\"gb-inside-container\">\n\n<h3 class=\"gb-headline gb-headline-786ad802 gb-headline-text\">Enfoque Personalizado<\/h3>\n\n<\/div><\/div><\/div>\n<\/div>\n\n<\/div><\/div>\n\n<div class=\"gb-container gb-container-76437b52 service_item alignfull\"><div class=\"gb-inside-container\">\n\n<div class=\"wp-block-columns alignfull are-vertically-aligned-center is-layout-flex wp-container-core-columns-is-layout-9d6595d7 wp-block-columns-is-layout-flex\">\n<div class=\"wp-block-column is-vertically-aligned-center service_item__title has-base-color has-contrast-background-color has-text-color has-background is-layout-flow wp-block-column-is-layout-flow\" style=\"flex-basis:50%\"><div class=\"gb-container gb-container-4d375ad3\"><div class=\"gb-inside-container\">\n\n<h3 class=\"gb-headline gb-headline-4667d7ed gb-headline-text\">Tranquilidad y Tiempo Libre<\/h3>\n\n<\/div><\/div><\/div>\n\n\n\n<div class=\"wp-block-column is-vertically-aligned-center service_item__content is-layout-flow wp-block-column-is-layout-flow\"><div class=\"gb-container gb-container-d7457720\"><div class=\"gb-inside-container\">\n\n<p>Al confiar la administraci\u00f3n de las fincas en Toysan Finques, obtienes la tranquilidad de saber que tus propiedades est\u00e1n en manos de expertos. Adem\u00e1s ganas tiempo libre para enfocarte en otras \u00e1reas de tu vida sin preocupaciones inmobiliarias.<\/p>\n\n<\/div><\/div><\/div>\n<\/div>\n\n<\/div><\/div>\n\n<div class=\"gb-container gb-container-533d7d5e alignfull\"><div class=\"gb-inside-container\">\n\n<h2 class=\"gb-headline gb-headline-61e3c2ab gb-headline-text section_title\">Toysan Finques: Administraci\u00f3n de Fincas de Calidad<\/h2>\n\n\n\n<p class=\"has-text-align-center has-medium-font-size\">Con Toysan Finques, no s\u00f3lo obtienes un servicio, sino una experiencia apoyada por d\u00e9cadas de dedicaci\u00f3n y profesionalismo. Conf\u00eda en nosotros para la gesti\u00f3n integral de tus propiedades en Sant Gervasi, donde tu tranquilidad y satisfacci\u00f3n son nuestra prioridad.<\/p>\n\n<\/div><\/div>\n\n<div class=\"gb-container gb-container-55cc73c6 wp-block-columns alignwide alignfull\"><div class=\"gb-inside-container\">\n\n<div class=\"wp-block-columns is-layout-flex wp-container-core-columns-is-layout-9d6595d7 wp-block-columns-is-layout-flex\">\n<div class=\"wp-block-column is-layout-flow wp-block-column-is-layout-flow\" style=\"flex-basis:100%\">\n<div class=\"wp-block-columns alignwide is-layout-flex wp-container-core-columns-is-layout-9d6595d7 wp-block-columns-is-layout-flex\">\n<div class=\"wp-block-column is-layout-flow wp-block-column-is-layout-flow\"><div class=\"wp-block-image\">\n<figure class=\"aligncenter size-full is-resized\"><img decoding=\"async\" src=\"https:\/\/toysanfinques.com\/wp-content\/uploads\/2022\/01\/compromis-finques.svg\" alt=\"\" class=\"wp-image-6448\" style=\"width:75px;height:75px\" title=\"\"><\/figure>\n<\/div>\n\n\n<h4 class=\"wp-block-heading has-text-align-center\">Experiencia y Trayectoria<\/h4>\n\n\n\n<p class=\"has-text-align-center\">Con m\u00e1s de 50 a\u00f1os en el sector, contamos con la experiencia necesaria para enfrentar cualquier desaf\u00edo y garantizar la gesti\u00f3n eficiente de tus propiedades.<\/p>\n<\/div>\n\n\n\n<div class=\"wp-block-column is-layout-flow wp-block-column-is-layout-flow\"><div class=\"wp-block-image\">\n<figure class=\"aligncenter size-full is-resized\"><img decoding=\"async\" src=\"https:\/\/toysanfinques.com\/wp-content\/uploads\/2022\/01\/honest-administrador-finques-barcelona.svg\" alt=\"\" class=\"wp-image-6446\" style=\"width:75px;height:75px\" title=\"\"><\/figure>\n<\/div>\n\n\n<h4 class=\"wp-block-heading has-text-align-center\">Recursos necesarios<\/h4>\n\n\n\n<p class=\"has-text-align-center\">Contamos con los recursos y tecnolog\u00eda m\u00e1s avanzada para ofrecer soluciones efectivas, optimizando la administraci\u00f3n de las fincas.<\/p>\n<\/div>\n\n\n\n<div class=\"wp-block-column is-layout-flow wp-block-column-is-layout-flow\"><div class=\"wp-block-image\">\n<figure class=\"aligncenter size-full is-resized\"><img decoding=\"async\" src=\"https:\/\/toysanfinques.com\/wp-content\/uploads\/2022\/01\/respecte.svg\" alt=\"\" class=\"wp-image-6442\" style=\"width:75px;height:75px\" title=\"\"><\/figure>\n<\/div>\n\n\n<h4 class=\"wp-block-heading has-text-align-center\">Equipo Especializado<\/h4>\n\n\n\n<p class=\"has-text-align-center\">Nuestro equipo de profesionales altamente capacitados est\u00e1 comprometido con la excelencia en el servicio, brindando atenci\u00f3n personalizada y soluciones adaptadas a tus necesidades.<\/p>\n<\/div>\n\n\n\n<div class=\"wp-block-column is-layout-flow wp-block-column-is-layout-flow\"><div class=\"wp-block-image\">\n<figure class=\"aligncenter size-full is-resized\"><img decoding=\"async\" src=\"https:\/\/toysanfinques.com\/wp-content\/uploads\/2022\/01\/serveis-inmobles-finques.svg\" alt=\"\" class=\"wp-image-6444\" style=\"width:75px;height:75px\" title=\"\"><\/figure>\n<\/div>\n\n\n<h4 class=\"wp-block-heading has-text-align-center\">Servicio Personalizado<\/h4>\n\n\n\n<p class=\"has-text-align-center\">En Toysan Finques, entendemos que cada cliente es \u00fanico. Por eso, ofrecemos un servicio totalmente personalizado, adapt\u00e1ndonos a sus requisitos espec\u00edficos y proporcionando una experiencia inigualable.<\/p>\n<\/div>\n<\/div>\n<\/div>\n<\/div>\n\n\n\n<p class=\"has-text-align-center has-medium-font-size\">\u00a1Descubre el servicio excepcional de Toysan Finques y d\u00e9janos cuidar de tus propiedades como si fueran las nuestras!<\/p>\n\n<\/div><\/div>\n\n<div class=\"gb-container gb-container-1ef709e6 alignfull\"><div class=\"gb-inside-container\">\n\n<h2 class=\"gb-headline gb-headline-b9a26871 gb-headline-text section_title\">\u00bfQu\u00e9 opinan nuestros clientes?<\/h2>\n\n\n\n<script type='text\/javascript' src='https:\/\/reputationhub.site\/reputation\/assets\/review-widget.js'><\/script><iframe class='lc_reviews_widget' src='https:\/\/reputationhub.site\/reputation\/widgets\/review_widget\/7cHGZWh4sNnrnRcyfEDk' frameborder='0' scrolling='no' style='min-width: 100%;width: 100%;'><\/iframe>\n\n<\/div><\/div>\n\n<div class=\"gb-container gb-container-fd14cbb9 alignfull\"><div class=\"gb-inside-container\">\n\n<h2 class=\"gb-headline gb-headline-c9adeaa1 gb-headline-text section_title\">Preguntas Frecuentes (FAQ)<\/h2>\n\n\n<div id=\"rank-math-faq\" class=\"rank-math-block\">\n<div class=\"rank-math-list \">\n<div id=\"faq-question-1706788920585\" class=\"rank-math-list-item\">\n<h3 class=\"rank-math-question \">\u00bfCu\u00e1les son los principales servicios que ofrece Toysan Finques?<\/h3>\n<div class=\"rank-math-answer \">\n\n<p>Toysan Finques ofrece servicios de gesti\u00f3n de comunidades, administraci\u00f3n de alquileres y inquilinos, compra y venta de inmuebles, as\u00ed como servicios adicionales, proporcionando soluciones integrales para propietarios e inversores.<\/p>\n\n<\/div>\n<\/div>\n<div id=\"faq-question-1706792501390\" class=\"rank-math-list-item\">\n<h3 class=\"rank-math-question \">\u00bfPor qu\u00e9 es crucial contar con profesionales en la administraci\u00f3n de fincas?<\/h3>\n<div class=\"rank-math-answer \">\n\n<p>Tener profesionales garantiza una gesti\u00f3n eficiente y libre de complicaciones, aportando experiencia, recursos, equipo especializado y la capacidad de resolver r\u00e1pidamente cualquier problema que pueda surgir.<\/p>\n\n<\/div>\n<\/div>\n<div id=\"faq-question-1706792520826\" class=\"rank-math-list-item\">\n<h3 class=\"rank-math-question \">\u00bfC\u00f3mo se mantiene Toysan Finques al d\u00eda con las regulaciones legales?<\/h3>\n<div class=\"rank-math-answer \">\n\n<p>Toysan Finques se compromete a la actualizaci\u00f3n constante, asegur\u00e1ndose de conocer y cumplir con las regulaciones locales y nacionales en todo momento, garantizando a los propietarios el cumplimiento legal en la administraci\u00f3n de sus fincas.<\/p>\n\n<\/div>\n<\/div>\n<div id=\"faq-question-1706792538595\" class=\"rank-math-list-item\">\n<h3 class=\"rank-math-question \">\u00bfCu\u00e1l es la ventaja competitiva de Toysan Finques en el mercado inmobiliario de Sant Gervasi?<\/h3>\n<div class=\"rank-math-answer \">\n\n<p>La ventaja competitiva de Toysan Finques radica en su experiencia de m\u00e1s de 50 a\u00f1os, recursos avanzados, un equipo altamente capacitado y un enfoque personalizado, ofreciendo a los propietarios un servicio integral y eficaz para la gesti\u00f3n de sus propiedades.<\/p>\n\n<\/div>\n<\/div>\n<\/div>\n<\/div>\n<\/div><\/div>","protected":false},"excerpt":{"rendered":"<p>Nuestros servicios de administraci\u00f3n de fincas Estos son los servicios especializados que le ofrecemos en Toysan Finques. \u00a1Te facilitamos el<\/p>\n","protected":false},"author":1,"featured_media":11869,"parent":0,"menu_order":0,"comment_status":"closed","ping_status":"closed","template":"","meta":{"_acf_changed":false,"footnotes":""},"class_list":["post-9473","page","type-page","status-publish","has-post-thumbnail"],"acf":[],"_links":{"self":[{"href":"https:\/\/toysanfinques.com\/es\/wp-json\/wp\/v2\/pages\/9473","targetHints":{"allow":["GET"]}}],"collection":[{"href":"https:\/\/toysanfinques.com\/es\/wp-json\/wp\/v2\/pages"}],"about":[{"href":"https:\/\/toysanfinques.com\/es\/wp-json\/wp\/v2\/types\/page"}],"author":[{"embeddable":true,"href":"https:\/\/toysanfinques.com\/es\/wp-json\/wp\/v2\/users\/1"}],"replies":[{"embeddable":true,"href":"https:\/\/toysanfinques.com\/es\/wp-json\/wp\/v2\/comments?post=9473"}],"version-history":[{"count":21,"href":"https:\/\/toysanfinques.com\/es\/wp-json\/wp\/v2\/pages\/9473\/revisions"}],"predecessor-version":[{"id":12859,"href":"https:\/\/toysanfinques.com\/es\/wp-json\/wp\/v2\/pages\/9473\/revisions\/12859"}],"wp:featuredmedia":[{"embeddable":true,"href":"https:\/\/toysanfinques.com\/es\/wp-json\/wp\/v2\/media\/11869"}],"wp:attachment":[{"href":"https:\/\/toysanfinques.com\/es\/wp-json\/wp\/v2\/media?parent=9473"}],"curies":[{"name":"wp","href":"https:\/\/api.w.org\/{rel}","templated":true}]}}