{"id":9471,"date":"2023-02-23T15:57:37","date_gmt":"2023-02-23T14:57:37","guid":{"rendered":"https:\/\/toysanfinques.com\/?page_id=9471"},"modified":"2023-02-28T10:04:17","modified_gmt":"2023-02-28T09:04:17","slug":"asesoria-inmobiliaria","status":"publish","type":"page","link":"https:\/\/toysanfinques.com\/es\/asesoria-inmobiliaria\/","title":{"rendered":"Sobre nosotros"},"content":{"rendered":"<div class=\"gb-container gb-container-9e84a275\"><div class=\"gb-inside-container\">\n\n<p class=\"has-text-align-center has-mobile-text-align-left\" style=\"font-size:22px\"><span style=\"background-color:var(--accent)\" class=\"has-inline-background\">Toysan Finques<\/span> fue fundada el 1971 por D. Jesus Tolosa Cuartielles como Administraci\u00f3n que ofrec\u00eda sus servicios a constructoras de edificios, comunidades, inmobiliarias, empresas y propietarios, y posteriormente se incorpor\u00f3 su hijo y actualmente su nieto.<\/p>\n\n<\/div><\/div>\n\n<div class=\"gb-container gb-container-d9af8325\"><div class=\"gb-inside-container\">\n\n<p class=\"has-text-align-center has-mobile-text-align-left\">Esta Administraci\u00f3n de fincas tiene <span class=\"has-inline-background\" style=\"background-color:var(--accent)\">una experiencia de m\u00e1s de 50 a\u00f1os<\/span>, y dispone de la informaci\u00f3n y asesoramiento para sus clientes cerca de las necesidades y obligaciones fiscales, jur\u00eddicas, laborales, t\u00e9cnicas e inmobiliarias que se necesitan, con el contacto con profesionales, arquitectos, abogados y economistas.<\/p>\n\n\n\n<p class=\"has-text-align-center has-mobile-text-align-left\">A d\u00eda de hoy, Toysan Fincas es una asesor\u00eda inmobiliaria especializada en administraci\u00f3n de fincas, tanto en vertical (Alquileres) como en horizontal (comunidades) y <a href=\"https:\/\/toysanfinques.com\/es\/impuesto-compraventa-inmuebles\/\">compraventa de inmuebles<\/a>, servicio que ofrecemos en exclusiva a nuestros clientes como <span style=\"background-color:var(--accent)\" class=\"has-inline-background\">servicio integral dentro del \u00e1mbito inmobiliario.<\/span> Est\u00e1 inscrita en el Colegio de Administradores de Barcelona y Lleida, y en el registro de agentes inmobiliarios de Catalu\u00f1a.<\/p>\n\n<\/div><\/div>\n\n<div class=\"gb-container gb-container-ae1e5ec6 wp-block-columns alignwide alignfull\"><div class=\"gb-inside-container\">\n\n<div class=\"wp-block-columns is-layout-flex wp-container-core-columns-is-layout-9d6595d7 wp-block-columns-is-layout-flex\">\n<div class=\"wp-block-column is-layout-flow wp-block-column-is-layout-flow\" style=\"flex-basis:100%\">\n<div class=\"wp-block-columns alignwide is-layout-flex wp-container-core-columns-is-layout-9d6595d7 wp-block-columns-is-layout-flex\">\n<div class=\"wp-block-column is-layout-flow wp-block-column-is-layout-flow\"><div class=\"wp-block-image\">\n<figure class=\"aligncenter size-full is-resized\"><img decoding=\"async\" src=\"https:\/\/toysanfinques.com\/wp-content\/uploads\/2022\/01\/compromis-finques.svg\" alt=\"\" class=\"wp-image-6448\" width=\"75\" height=\"75\" title=\"\"><\/figure>\n<\/div>\n\n\n<h4 class=\"has-text-align-center wp-block-heading\">Compromiso<\/h4>\n\n\n\n<p class=\"has-text-align-center\">&#8230; a Toysan Fincas nos identificamos con nuestros clientes y nos sentimos parte integral de su satisfacci\u00f3n.<\/p>\n<\/div>\n\n\n\n<div class=\"wp-block-column is-layout-flow wp-block-column-is-layout-flow\"><div class=\"wp-block-image\">\n<figure class=\"aligncenter size-full is-resized\"><img decoding=\"async\" src=\"https:\/\/toysanfinques.com\/wp-content\/uploads\/2022\/01\/honest-administrador-finques-barcelona.svg\" alt=\"\" class=\"wp-image-6446\" width=\"75\" height=\"75\" title=\"\"><\/figure>\n<\/div>\n\n\n<h4 class=\"has-text-align-center wp-block-heading\">Honestedad<\/h4>\n\n\n\n<p class=\"has-text-align-center\">&#8230; actuamos de manera \u00e9tica y responsable, generando seguridad y confianza en nuestros clientes y asegurando el cumplimiento de nuestros \u00e9xitos profesionales y personales.<\/p>\n<\/div>\n\n\n\n<div class=\"wp-block-column is-layout-flow wp-block-column-is-layout-flow\"><div class=\"wp-block-image\">\n<figure class=\"aligncenter size-full is-resized\"><img decoding=\"async\" src=\"https:\/\/toysanfinques.com\/wp-content\/uploads\/2022\/01\/respecte.svg\" alt=\"\" class=\"wp-image-6442\" width=\"75\" height=\"75\" title=\"\"><\/figure>\n<\/div>\n\n\n<h4 class=\"has-text-align-center wp-block-heading\">Respeto<\/h4>\n\n\n\n<p class=\"has-text-align-center\">&#8230; entendemos las diferencias e individualidades porque se traduzcan en comprensi\u00f3n y tolerancia en nuestras relaciones interpersonales y con nuestros clientes.<\/p>\n<\/div>\n\n\n\n<div class=\"wp-block-column is-layout-flow wp-block-column-is-layout-flow\"><div class=\"wp-block-image\">\n<figure class=\"aligncenter size-full is-resized\"><img decoding=\"async\" src=\"https:\/\/toysanfinques.com\/wp-content\/uploads\/2022\/01\/serveis-inmobles-finques.svg\" alt=\"\" class=\"wp-image-6444\" width=\"75\" height=\"75\" title=\"\"><\/figure>\n<\/div>\n\n\n<h4 class=\"has-text-align-center wp-block-heading\">Servicios<\/h4>\n\n\n\n<p class=\"has-text-align-center\">\u2026 servir es un principio de vida; entregar a nuestros clientes un servicio de calidad, \u00e1gil y oportuno, con una actitud amable, cordial y cercana, que nos permita anticipar a sus necesidades y brindarle soluciones que generen valor.<\/p>\n<\/div>\n<\/div>\n<\/div>\n<\/div>\n\n<\/div><\/div>\n\n\n<div class=\"wp-block-columns alignfull is-layout-flex wp-container-core-columns-is-layout-9d6595d7 wp-block-columns-is-layout-flex\">\n<div class=\"wp-block-column service_item__title has-base-color has-text-color is-layout-flow wp-block-column-is-layout-flow\" style=\"flex-basis:50%\"><div class=\"gb-container gb-container-fb143188\"><div class=\"gb-inside-container\"><\/div><\/div><\/div>\n\n\n\n<div class=\"wp-block-column is-vertically-aligned-center service_item__content is-layout-flow wp-block-column-is-layout-flow\"><div class=\"gb-container gb-container-fbaf2d08 alignwide\"><div class=\"gb-inside-container\">\n\n<p>Ofrecemos un amplio abanico de servicios t\u00e9cnicos como la planificaci\u00f3n, ejecuci\u00f3n y control de obras en todos los \u00e1mbitos relacionados con el sector inmobiliario. <\/p>\n\n\n\n<p>Nuestro equipo cuenta con amplia experiencia y conocimientos en todos los \u00e1mbitos del mercado inmobiliario, desde ventas y alquileres hasta gesti\u00f3n y administraci\u00f3n. Nos esforzamos por ofrecer a nuestros clientes el mejor servicio posible y una excelente experiencia.<\/p>\n\n<\/div><\/div><\/div>\n<\/div>\n\n\n\n<div class=\"wp-block-columns alignfull is-layout-flex wp-container-core-columns-is-layout-9d6595d7 wp-block-columns-is-layout-flex\">\n<div class=\"wp-block-column service_item__content is-layout-flow wp-block-column-is-layout-flow\"><div class=\"gb-container gb-container-3eba9213 alignwide\"><div class=\"gb-inside-container\">\n\n<p>Ofrecemos asistencia en la elaboraci\u00f3n de documentos legales relacionados con transacciones inmobiliarias como compras, ventas, pr\u00e9stamos hipotecarios, donaciones, entre otros. Adem\u00e1s ofrecemos servicios como la optimizaci\u00f3n fiscal y el an\u00e1lisis financiero de las inversiones.<\/p>\n\n\n\n<p>Nuestro equipo analizar\u00e1 la situaci\u00f3n del mercado y asesorar\u00e1 sobre las mejores estrategias para alcanzar sus objetivos.<\/p>\n\n<\/div><\/div><\/div>\n\n\n\n<div class=\"wp-block-column is-vertically-aligned-center service_item__title has-base-color has-text-color is-layout-flow wp-block-column-is-layout-flow\" style=\"flex-basis:50%\"><div class=\"gb-container gb-container-17e675f4\"><div class=\"gb-inside-container\"><\/div><\/div><\/div>\n<\/div>\n","protected":false},"excerpt":{"rendered":"<p>Toysan Finques fue fundada el 1971 por D. Jesus Tolosa Cuartielles como Administraci\u00f3n que ofrec\u00eda sus servicios a constructoras de<\/p>\n","protected":false},"author":1,"featured_media":5617,"parent":0,"menu_order":0,"comment_status":"closed","ping_status":"closed","template":"","meta":{"_acf_changed":false,"footnotes":""},"class_list":["post-9471","page","type-page","status-publish","has-post-thumbnail"],"acf":[],"_links":{"self":[{"href":"https:\/\/toysanfinques.com\/es\/wp-json\/wp\/v2\/pages\/9471","targetHints":{"allow":["GET"]}}],"collection":[{"href":"https:\/\/toysanfinques.com\/es\/wp-json\/wp\/v2\/pages"}],"about":[{"href":"https:\/\/toysanfinques.com\/es\/wp-json\/wp\/v2\/types\/page"}],"author":[{"embeddable":true,"href":"https:\/\/toysanfinques.com\/es\/wp-json\/wp\/v2\/users\/1"}],"replies":[{"embeddable":true,"href":"https:\/\/toysanfinques.com\/es\/wp-json\/wp\/v2\/comments?post=9471"}],"version-history":[{"count":12,"href":"https:\/\/toysanfinques.com\/es\/wp-json\/wp\/v2\/pages\/9471\/revisions"}],"predecessor-version":[{"id":10823,"href":"https:\/\/toysanfinques.com\/es\/wp-json\/wp\/v2\/pages\/9471\/revisions\/10823"}],"wp:featuredmedia":[{"embeddable":true,"href":"https:\/\/toysanfinques.com\/es\/wp-json\/wp\/v2\/media\/5617"}],"wp:attachment":[{"href":"https:\/\/toysanfinques.com\/es\/wp-json\/wp\/v2\/media?parent=9471"}],"curies":[{"name":"wp","href":"https:\/\/api.w.org\/{rel}","templated":true}]}}