{"id":6374,"date":"2020-12-14T13:31:17","date_gmt":"2020-12-14T12:31:17","guid":{"rendered":"https:\/\/toysanfinques.com\/avis-legal\/"},"modified":"2025-02-07T11:19:10","modified_gmt":"2025-02-07T10:19:10","slug":"aviso-legal","status":"publish","type":"page","link":"https:\/\/toysanfinques.com\/es\/aviso-legal\/","title":{"rendered":"Aviso legal"},"content":{"rendered":"\n<div style=\"height:60px\" aria-hidden=\"true\" class=\"wp-block-spacer\"><\/div>\n\n\n\n<p><strong>1. INFORMACI\u00d3N GENERAL<\/strong><\/p>\n\n\n\n<p>En cumplimiento de lo dispuesto en la Ley 34\/2002, de 11 de julio, de Servicios de la Sociedad de la Informaci\u00f3n y de Comercio Electr\u00f3nico (LSSI-CE), se informa de los datos identificativos del titular del sitio web <strong><a href=\"http:\/\/www.toysanfinques.com\/\">www.toysanfinques.com<\/a><\/strong>:<\/p>\n\n\n\n<ul class=\"wp-block-list\">\n<li><strong>Raz\u00f3n Social<\/strong>: TOYSAN FINQUES SL<\/li>\n\n\n\n<li><strong>NIF<\/strong>: B02713048<\/li>\n\n\n\n<li><strong>Domicilio Social<\/strong>: VIA AUGUSTA 143 2-2, 08021 BARCELONA (BARCELONA)<\/li>\n\n\n\n<li><strong>Correo Electr\u00f3nico<\/strong>: <a href=\"mailto:gestio@toysanfinques.com\">gestio@toysanfinques.com<\/a><\/li>\n\n\n\n<li><strong>Tel\u00e9fono de Contacto<\/strong>: 932094600<\/li>\n<\/ul>\n\n\n\n<p>El acceso y uso del presente sitio web atribuye la condici\u00f3n de <strong>usuario<\/strong>, e implica la aceptaci\u00f3n plena y sin reservas de todas las disposiciones incluidas en este <strong>Aviso Legal<\/strong>.<\/p>\n\n\n\n<hr class=\"wp-block-separator has-alpha-channel-opacity\"\/>\n\n\n\n<p><strong>2. CONDICIONES DE USO<\/strong><\/p>\n\n\n\n<p>El usuario se compromete a hacer un uso adecuado de los contenidos y servicios de este sitio web, respetando la legislaci\u00f3n vigente, la moral y el orden p\u00fablico. Queda expresamente prohibido:<\/p>\n\n\n\n<ul class=\"wp-block-list\">\n<li>Utilizar los contenidos con fines il\u00edcitos o contrarios a la buena fe.<\/li>\n\n\n\n<li>Difundir contenido o propaganda de car\u00e1cter racista, xen\u00f3fobo, pornogr\u00e1fico-ilegal, de apolog\u00eda del terrorismo o atentatorio contra los derechos humanos.<\/li>\n\n\n\n<li>Provocar da\u00f1os en los sistemas f\u00edsicos y l\u00f3gicos de TOYSAN FINQUES SL, as\u00ed como introducir o difundir virus inform\u00e1ticos u otros sistemas que sean susceptibles de causar da\u00f1os.<\/li>\n<\/ul>\n\n\n\n<hr class=\"wp-block-separator has-alpha-channel-opacity\"\/>\n\n\n\n<p><strong>3. POL\u00cdTICA DE ENLACES<\/strong><\/p>\n\n\n\n<p>Este sitio web puede contener enlaces a otras p\u00e1ginas web gestionadas por terceros, sobre las cuales TOYSAN FINQUES SL no ejerce ning\u00fan tipo de control. En este sentido, TOYSAN FINQUES SL no se hace responsable de los contenidos ni del estado de estos sitios web.<\/p>\n\n\n\n<p>Asimismo, la inclusi\u00f3n de estos enlaces externos no implicar\u00e1 ning\u00fan tipo de asociaci\u00f3n, fusi\u00f3n o participaci\u00f3n con las entidades enlazadas.<\/p>\n\n\n\n<hr class=\"wp-block-separator has-alpha-channel-opacity\"\/>\n\n\n\n<p><strong>4. DERECHOS DE PROPIEDAD INTELECTUAL E INDUSTRIAL<\/strong><\/p>\n\n\n\n<p>Todos los contenidos de este sitio web (textos, gr\u00e1ficos, im\u00e1genes, dise\u00f1o, software, c\u00f3digo fuente y otros elementos) est\u00e1n protegidos por los derechos de propiedad intelectual e industrial, titularidad de TOYSAN FINQUES SL o de terceros autorizados.<\/p>\n\n\n\n<p>El usuario se compromete a respetar los derechos de Propiedad Intelectual e Industrial y podr\u00e1 visualizar los elementos del sitio web e incluso imprimirlos, copiarlos y almacenarlos en su dispositivo, siempre que sea exclusivamente para su uso personal y privado. Queda expresamente prohibida su reproducci\u00f3n, distribuci\u00f3n o comunicaci\u00f3n p\u00fablica sin la autorizaci\u00f3n expresa de TOYSAN FINQUES SL.<\/p>\n\n\n\n<hr class=\"wp-block-separator has-alpha-channel-opacity\"\/>\n\n\n\n<p><strong>5. RESPONSABILIDAD<\/strong><\/p>\n\n\n\n<p>TOYSAN FINQUES SL no se hace responsable de los posibles da\u00f1os o perjuicios que puedan derivarse de:<\/p>\n\n\n\n<ul class=\"wp-block-list\">\n<li>Interferencias, interrupciones, fallos u omisiones en el funcionamiento del sitio web por causas ajenas a TOYSAN FINQUES SL.<\/li>\n\n\n\n<li>Ataques inform\u00e1ticos o da\u00f1os causados por terceros mediante accesos no autorizados.<\/li>\n\n\n\n<li>Uso indebido del sitio web por parte de los usuarios.<\/li>\n<\/ul>\n\n\n\n<p>No obstante, TOYSAN FINQUES SL ha adoptado todas las medidas necesarias para garantizar el correcto funcionamiento del sitio web y evitar cualquier tipo de da\u00f1o a los usuarios.<\/p>\n\n\n\n<hr class=\"wp-block-separator has-alpha-channel-opacity\"\/>\n\n\n\n<p><strong>6. PROTECCI\u00d3N DE DATOS PERSONALES<\/strong><\/p>\n\n\n\n<p>TOYSAN FINQUES SL garantiza la confidencialidad de los datos personales facilitados por los usuarios y su tratamiento conforme a lo dispuesto en la normativa vigente en materia de Protecci\u00f3n de Datos de Car\u00e1cter Personal.<\/p>\n\n\n\n<p>Para m\u00e1s informaci\u00f3n sobre el tratamiento de los datos personales y el ejercicio de los derechos de acceso, rectificaci\u00f3n, supresi\u00f3n, limitaci\u00f3n, portabilidad y oposici\u00f3n, se recomienda consultar la <strong>Pol\u00edtica de Privacidad<\/strong> del sitio web.<\/p>\n\n\n\n<hr class=\"wp-block-separator has-alpha-channel-opacity\"\/>\n\n\n\n<p><strong>7. MODIFICACIONES<\/strong><\/p>\n\n\n\n<p>TOYSAN FINQUES SL se reserva el derecho de realizar modificaciones en el contenido de este <strong>Aviso Legal<\/strong> en cualquier momento y sin previo aviso. Se recomienda a los usuarios revisarlo peri\u00f3dicamente para estar informados de cualquier actualizaci\u00f3n.<\/p>\n\n\n\n<hr class=\"wp-block-separator has-alpha-channel-opacity\"\/>\n\n\n\n<p><strong>8. LEGISLACI\u00d3N APLICABLE Y JURISDICCI\u00d3N<\/strong><\/p>\n\n\n\n<p>Este <strong>Aviso Legal<\/strong> se rige por la legislaci\u00f3n espa\u00f1ola. Para cualquier controversia que pudiera derivarse del acceso o uso de este sitio web, ambas partes acuerdan someterse a los <strong>Juzgados y Tribunales de Barcelona<\/strong>, renunciando expresamente a cualquier otro fuero que pudiera corresponderles.<\/p>\n\n\n\n<p>\u00daltima actualizaci\u00f3n: <strong>4 de febrero de 2025<\/strong><\/p>\n\n\n\n<div style=\"height:50px\" aria-hidden=\"true\" class=\"wp-block-spacer\"><\/div>\n","protected":false},"excerpt":{"rendered":"<p>1. INFORMACI\u00d3N GENERAL En cumplimiento de lo dispuesto en la Ley 34\/2002, de 11 de julio, de Servicios de la<\/p>\n","protected":false},"author":1,"featured_media":0,"parent":0,"menu_order":0,"comment_status":"closed","ping_status":"closed","template":"","meta":{"_acf_changed":false,"footnotes":""},"class_list":["post-6374","page","type-page","status-publish"],"acf":[],"_links":{"self":[{"href":"https:\/\/toysanfinques.com\/es\/wp-json\/wp\/v2\/pages\/6374","targetHints":{"allow":["GET"]}}],"collection":[{"href":"https:\/\/toysanfinques.com\/es\/wp-json\/wp\/v2\/pages"}],"about":[{"href":"https:\/\/toysanfinques.com\/es\/wp-json\/wp\/v2\/types\/page"}],"author":[{"embeddable":true,"href":"https:\/\/toysanfinques.com\/es\/wp-json\/wp\/v2\/users\/1"}],"replies":[{"embeddable":true,"href":"https:\/\/toysanfinques.com\/es\/wp-json\/wp\/v2\/comments?post=6374"}],"version-history":[{"count":2,"href":"https:\/\/toysanfinques.com\/es\/wp-json\/wp\/v2\/pages\/6374\/revisions"}],"predecessor-version":[{"id":12981,"href":"https:\/\/toysanfinques.com\/es\/wp-json\/wp\/v2\/pages\/6374\/revisions\/12981"}],"wp:attachment":[{"href":"https:\/\/toysanfinques.com\/es\/wp-json\/wp\/v2\/media?parent=6374"}],"curies":[{"name":"wp","href":"https:\/\/api.w.org\/{rel}","templated":true}]}}