{"id":11787,"date":"2024-02-06T12:40:11","date_gmt":"2024-02-06T11:40:11","guid":{"rendered":"https:\/\/toysanfinques.com\/gestion-de-comunidades-de-propietarios\/"},"modified":"2024-02-08T09:43:30","modified_gmt":"2024-02-08T08:43:30","slug":"gestion-de-comunidades-de-propietarios","status":"publish","type":"page","link":"https:\/\/toysanfinques.com\/es\/gestion-de-comunidades-de-propietarios\/","title":{"rendered":"Gesti\u00f3n de comunidades de propietarios"},"content":{"rendered":"\n<p class=\"has-text-align-center has-medium-font-size\"><em>Te presentamos nuestro servicio de gesti\u00f3n de comunidades de propietarios, una forma f\u00e1cil y c\u00f3moda de garantizar el buen funcionamiento y mantenimiento de tu comunidad de vecinos. Desde Toysan Finques se lo ponemos f\u00e1cil, con un servicio \u00f3ptimo, profesional y personalizado.<\/em><\/p>\n<div class=\"gb-container gb-container-1590dda1 alignfull\"><div class=\"gb-inside-container\">\n\n<h2 class=\"gb-headline gb-headline-f29c41d2 gb-headline-text section_title\">\u00bfEn qu\u00e9 consiste la gesti\u00f3n de comunidades de propietarios?<\/h2>\n\n\n\n<p class=\"has-medium-font-size\">La gesti\u00f3n de comunidades de propietarios es un servicio integral destinado a administrar eficazmente conjuntos residenciales y propiedades compartidas. Su prop\u00f3sito principal es facilitar un entorno arm\u00f3nico y bien mantenido para todos los propietarios involucrados.<\/p>\n\n\n\n<p class=\"has-medium-font-size\">Esta gesti\u00f3n implica la coordinaci\u00f3n de diversos aspectos como la recaudaci\u00f3n de cuotas, la planificaci\u00f3n financiera, el mantenimiento de instalaciones comunes y la ejecuci\u00f3n de decisiones tomadas en juntas de propietarios.<\/p>\n\n<\/div><\/div><div class=\"gb-container gb-container-ae1e5ec6 wp-block-columns alignwide alignfull\"><div class=\"gb-inside-container\">\n\n<h2 class=\"gb-headline gb-headline-f5b609fd gb-headline-text section_title\">Responsabilidades que adquirimos desde Toysan Finques<\/h2>\n\n\n\n<p class=\"has-text-align-left has-medium-font-size\">En Toysan Finques, asumimos un conjunto integral de responsabilidades para garantizar una gesti\u00f3n eficiente y transparente de las comunidades de propietarios:<\/p>\n\n\n\n<div class=\"wp-block-columns are-vertically-aligned-center is-layout-flex wp-container-core-columns-is-layout-9d6595d7 wp-block-columns-is-layout-flex\">\n<div class=\"wp-block-column is-vertically-aligned-center is-layout-flow wp-block-column-is-layout-flow\" style=\"flex-basis:33.33%\"><div class=\"wp-block-image wp-duotone-unset-1\">\n<figure class=\"aligncenter size-large\"><img decoding=\"async\" width=\"1391\" height=\"2100\" src=\"https:\/\/toysanfinques.com\/wp-content\/uploads\/2024\/02\/pexels-kei-scampa-3002591-1-1391x2100.jpg\" alt=\"gesti&#xF3;n de comunidades de propietarios\" class=\"wp-image-11680\" style=\"aspect-ratio:9\/16;object-fit:cover\" title=\"\" srcset=\"https:\/\/toysanfinques.com\/wp-content\/uploads\/2024\/02\/pexels-kei-scampa-3002591-1-1391x2100.jpg 1391w, https:\/\/toysanfinques.com\/wp-content\/uploads\/2024\/02\/pexels-kei-scampa-3002591-1-265x400.jpg 265w, https:\/\/toysanfinques.com\/wp-content\/uploads\/2024\/02\/pexels-kei-scampa-3002591-1-768x1159.jpg 768w, https:\/\/toysanfinques.com\/wp-content\/uploads\/2024\/02\/pexels-kei-scampa-3002591-1-1017x1536.jpg 1017w, https:\/\/toysanfinques.com\/wp-content\/uploads\/2024\/02\/pexels-kei-scampa-3002591-1-1357x2048.jpg 1357w, https:\/\/toysanfinques.com\/wp-content\/uploads\/2024\/02\/pexels-kei-scampa-3002591-1-scaled.jpg 1696w\" sizes=\"(max-width: 1391px) 100vw, 1391px\" \/><\/figure>\n<\/div><\/div>\n\n\n\n<div class=\"wp-block-column is-vertically-aligned-center is-layout-flow wp-block-column-is-layout-flow\" style=\"flex-basis:66.66%\">\n<ul class=\"has-medium-font-size wp-block-list\">\n<li><strong>Cobro y Confecci\u00f3n:<\/strong> Nos encargamos del cobro de cuotas y la confecci\u00f3n de presupuestos anuales, asegurando una administraci\u00f3n financiera s\u00f3lida y transparente.<\/li>\n\n\n\n<li><strong>Control y Supervisi\u00f3n:<\/strong> Realizamos un seguimiento riguroso de los pagos de servicios y del Fondo de Reserva garantizando la estabilidad econ\u00f3mica de la comunidad.<\/li>\n\n\n\n<li><strong>Liquidaci\u00f3n de Retenciones:<\/strong> Gestionamos la liquidaci\u00f3n de retenciones de IRPF de la Comunidad, cumpliendo las obligaciones fiscales de forma precisa.<\/li>\n\n\n\n<li><strong>Gesti\u00f3n de Obras:<\/strong> Solicitamos presupuestos, estudiamos la financiaci\u00f3n y supervisamos la ejecuci\u00f3n de obras e instalaciones, asegurando la calidad y el cumplimiento de los plazos.<\/li>\n\n\n\n<li><strong>Mantenimiento y Valorizaci\u00f3n:<\/strong> Velamos por el buen r\u00e9gimen de la casa, asegurando su mantenimiento constante y contribuyendo a la mejora continua del valor de la propiedad.<\/li>\n\n\n\n<li><strong>Juntas y Actas:<\/strong> Preparamos y realizamos juntas de propietarios, confeccionando actas detalladas para mantener a los propietarios informados y garantizar la transparencia.<\/li>\n\n\n\n<li><strong>Ejecuci\u00f3n de Acuerdos:<\/strong> Implementamos eficientemente los acuerdos adoptados en las juntas y reuniones, asegurando la oportuna ejecuci\u00f3n de decisiones importantes.<\/li>\n\n\n\n<li><strong>Custodia Documental:<\/strong> Custodiamos el libro de actas y toda la documentaci\u00f3n de la Comunidad, proporcionando un archivo seguro y accesible para referencia futura.<\/li>\n<\/ul>\n<\/div>\n<\/div>\n\n<\/div><\/div><div class=\"gb-container gb-container-f8c7422d alignfull\"><div class=\"gb-inside-container\">\n\n<h2 class=\"gb-headline gb-headline-a624b202 gb-headline-text section_title\">Ventajas de gestionar tu comunidad con Toysan Finques<\/h2>\n\n\n\n<p class=\"has-text-align-center has-medium-font-size\">Gestionar tu comunidad con nosotros te ofrece una serie de ventajas significativas que buscan asegurar una experiencia positiva y eficaz para los propietarios:<\/p>\n\n<\/div><\/div><div class=\"gb-container gb-container-5ccbd9e2 service_item alignfull\"><div class=\"gb-inside-container\">\n\n<div class=\"wp-block-columns alignfull is-layout-flex wp-container-core-columns-is-layout-9d6595d7 wp-block-columns-is-layout-flex\">\n<div class=\"wp-block-column service_item__title has-base-color has-contrast-background-color has-text-color has-background is-layout-flow wp-block-column-is-layout-flow\" style=\"flex-basis:50%\"><div class=\"gb-container gb-container-b5427a80\"><div class=\"gb-inside-container\">\n\n<h3 class=\"gb-headline gb-headline-0ee168c1 gb-headline-text\">Servicio Personalizado<\/h3>\n\n<\/div><\/div><\/div>\n\n\n\n<div class=\"wp-block-column is-vertically-aligned-center service_item__content is-layout-flow wp-block-column-is-layout-flow\"><div class=\"gb-container gb-container-fbaf2d08\"><div class=\"gb-inside-container\">\n\n<p>Ofrecemos un enfoque personalizado mediante un estudio detallado, adaptando nuestros servicios a las necesidades espec\u00edficas de cada comunidad. Esto garantiza que cada comunidad reciba la atenci\u00f3n que merece, con soluciones adaptadas a su contexto y caracter\u00edsticas particulares.<\/p>\n\n<\/div><\/div><\/div>\n<\/div>\n\n<\/div><\/div><div class=\"gb-container gb-container-506f8c64 service_item alignfull\"><div class=\"gb-inside-container\">\n\n<div class=\"wp-block-columns alignfull is-layout-flex wp-container-core-columns-is-layout-9d6595d7 wp-block-columns-is-layout-flex\">\n<div class=\"wp-block-column service_item__content is-layout-flow wp-block-column-is-layout-flow\"><div class=\"gb-container gb-container-3eba9213\"><div class=\"gb-inside-container\">\n\n<p>Nuestra experiencia en la confecci\u00f3n de presupuestos, control de pagos y gesti\u00f3n de obras asegura un nivel de administraci\u00f3n profesional. Esto se traduce en una mayor eficiencia en la gesti\u00f3n financiera y en la ejecuci\u00f3n de proyectos, apoyando el bienestar y la estabilidad de la comunidad.<\/p>\n\n<\/div><\/div><\/div>\n\n\n\n<div class=\"wp-block-column is-vertically-aligned-center service_item__title has-base-color has-contrast-background-color has-text-color has-background is-layout-flow wp-block-column-is-layout-flow\" style=\"flex-basis:50%\"><div class=\"gb-container gb-container-17e675f4\"><div class=\"gb-inside-container\">\n\n<h3 class=\"gb-headline gb-headline-68467d9b gb-headline-text\">Profesionalismo en la Administraci\u00f3n<\/h3>\n\n<\/div><\/div><\/div>\n<\/div>\n\n<\/div><\/div><div class=\"gb-container gb-container-3084c05b service_item alignfull\"><div class=\"gb-inside-container\">\n\n<div class=\"wp-block-columns alignfull are-vertically-aligned-center is-layout-flex wp-container-core-columns-is-layout-9d6595d7 wp-block-columns-is-layout-flex\">\n<div class=\"wp-block-column is-vertically-aligned-center service_item__title has-base-color has-contrast-background-color has-text-color has-background is-layout-flow wp-block-column-is-layout-flow\" style=\"flex-basis:50%\"><div class=\"gb-container gb-container-d493ac35\"><div class=\"gb-inside-container\">\n\n<h3 class=\"gb-headline gb-headline-d2af2d3e gb-headline-text\">Mantenimiento \u00d3ptimo<\/h3>\n\n<\/div><\/div><\/div>\n\n\n\n<div class=\"wp-block-column is-vertically-aligned-center service_item__content is-layout-flow wp-block-column-is-layout-flow\"><div class=\"gb-container gb-container-a9dd6240\"><div class=\"gb-inside-container\">\n\n<p>Comprometidos con el buen r\u00e9gimen de la propiedad, nuestro servicio no se limita a la gesti\u00f3n financiera. Tambi\u00e9n nos ocupamos del mantenimiento constante, contribuyendo as\u00ed a preservar y mejorar la infraestructura y valor general de la propiedad.<\/p>\n\n<\/div><\/div><\/div>\n<\/div>\n\n<\/div><\/div><div class=\"gb-container gb-container-ce090243 service_item alignfull\"><div class=\"gb-inside-container\">\n\n<div class=\"wp-block-columns alignfull are-vertically-aligned-center is-layout-flex wp-container-core-columns-is-layout-9d6595d7 wp-block-columns-is-layout-flex\">\n<div class=\"wp-block-column is-vertically-aligned-center service_item__content is-layout-flow wp-block-column-is-layout-flow\"><div class=\"gb-container gb-container-7c20cb08\"><div class=\"gb-inside-container\">\n\n<p>La convocatoria y realizaci\u00f3n de juntas profesionales, junto con la ejecuci\u00f3n eficiente de acuerdos adoptados, son pilares que refuerzan la transparencia en nuestra gesti\u00f3n. Asimismo, la custodia esmerada del libro de actas y la documentaci\u00f3n de la Comunidad proporciona un apoyo s\u00f3lido para mantener la confianza de los propietarios en nuestra labor.<\/p>\n\n<\/div><\/div><\/div>\n\n\n\n<div class=\"wp-block-column is-vertically-aligned-center service_item__title has-base-color has-contrast-background-color has-text-color has-background is-layout-flow wp-block-column-is-layout-flow\" style=\"flex-basis:50%\"><div class=\"gb-container gb-container-8b10da10\"><div class=\"gb-inside-container\">\n\n<h3 class=\"gb-headline gb-headline-786ad802 gb-headline-text\">Transparencia y Confianza<\/h3>\n\n<\/div><\/div><\/div>\n<\/div>\n\n<\/div><\/div><div class=\"gb-container gb-container-533d7d5e alignfull\"><div class=\"gb-inside-container\">\n\n<h2 class=\"gb-headline gb-headline-61e3c2ab gb-headline-text section_title\">Ventajas de gestionar tu comunidad con Toysan Finques<\/h2>\n\n\n\n<p class=\"has-text-align-center has-medium-font-size\">Gestionar tu comunidad con nosotros te ofrece una serie de ventajas significativas que buscan asegurar una experiencia positiva y eficaz para los propietarios:<\/p>\n\n<\/div><\/div><div class=\"gb-container gb-container-55cc73c6 wp-block-columns alignwide alignfull\"><div class=\"gb-inside-container\">\n\n<div class=\"wp-block-columns is-layout-flex wp-container-core-columns-is-layout-9d6595d7 wp-block-columns-is-layout-flex\">\n<div class=\"wp-block-column is-layout-flow wp-block-column-is-layout-flow\" style=\"flex-basis:100%\">\n<div class=\"wp-block-columns alignwide is-layout-flex wp-container-core-columns-is-layout-9d6595d7 wp-block-columns-is-layout-flex\">\n<div class=\"wp-block-column is-layout-flow wp-block-column-is-layout-flow\"><div class=\"wp-block-image\">\n<figure class=\"aligncenter size-full is-resized\"><img decoding=\"async\" src=\"https:\/\/toysanfinques.com\/wp-content\/uploads\/2022\/01\/respecte.svg\" alt=\"\" class=\"wp-image-6442\" style=\"width:75px;height:75px\" title=\"\"><\/figure>\n<\/div>\n\n\n<h4 class=\"wp-block-heading has-text-align-center\">Profesionalidad<\/h4>\n\n\n\n<p class=\"has-text-align-center\">Nuestra experiencia en la confecci\u00f3n de presupuestos, control de pagos y gesti\u00f3n de obras asegura un nivel de administraci\u00f3n profesional. Esto se traduce en una mayor eficiencia en la gesti\u00f3n financiera y en la ejecuci\u00f3n de proyectos, apoyando el bienestar y la estabilidad de la comunidad.<\/p>\n<\/div>\n\n\n\n<div class=\"wp-block-column is-layout-flow wp-block-column-is-layout-flow\"><div class=\"wp-block-image\">\n<figure class=\"aligncenter size-full is-resized\"><img decoding=\"async\" src=\"https:\/\/toysanfinques.com\/wp-content\/uploads\/2022\/01\/compromis-finques.svg\" alt=\"\" class=\"wp-image-6448\" style=\"width:75px;height:75px\" title=\"\"><\/figure>\n<\/div>\n\n\n<h4 class=\"wp-block-heading has-text-align-center\">Experiencia<\/h4>\n\n\n\n<p class=\"has-text-align-center\">Con una trayectoria demostrada en la gesti\u00f3n de alquileres, Toysan Finques posee una amplia experiencia que se traduce en resultados de \u00e9xito para los propietarios. La capacidad para anticipar desaf\u00edos comunes al mercado inmobiliario y encontrar soluciones efectivas es una de las principales fortalezas de la empresa, ofreciendo un historial de logros que apoya su competencia en este \u00e1mbito.<\/p>\n<\/div>\n\n\n\n<div class=\"wp-block-column is-layout-flow wp-block-column-is-layout-flow\"><div class=\"wp-block-image\">\n<figure class=\"aligncenter size-full is-resized\"><img decoding=\"async\" src=\"https:\/\/toysanfinques.com\/wp-content\/uploads\/2022\/01\/honest-administrador-finques-barcelona.svg\" alt=\"\" class=\"wp-image-6446\" style=\"width:75px;height:75px\" title=\"\"><\/figure>\n<\/div>\n\n\n<h4 class=\"wp-block-heading has-text-align-center\">Servicio Personalizado<\/h4>\n\n\n\n<p class=\"has-text-align-center\">Ofrecemos un enfoque personalizado mediante un estudio detallado, adaptando nuestros servicios a las necesidades espec\u00edficas de cada comunidad. Esto garantiza que cada comunidad reciba la atenci\u00f3n que merece, con soluciones adaptadas a su contexto y caracter\u00edsticas particulares.<\/p>\n<\/div>\n<\/div>\n<\/div>\n<\/div>\n\n\n\n<div class=\"wp-block-columns is-layout-flex wp-container-core-columns-is-layout-9d6595d7 wp-block-columns-is-layout-flex\">\n<div class=\"wp-block-column is-layout-flow wp-block-column-is-layout-flow\" style=\"flex-basis:100%\">\n<div class=\"wp-block-columns alignwide is-layout-flex wp-container-core-columns-is-layout-9d6595d7 wp-block-columns-is-layout-flex\">\n<div class=\"wp-block-column is-layout-flow wp-block-column-is-layout-flow\"><div class=\"wp-block-image\">\n<figure class=\"aligncenter size-full is-resized\"><img decoding=\"async\" src=\"https:\/\/toysanfinques.com\/wp-content\/uploads\/2022\/01\/serveis-inmobles-finques.svg\" alt=\"\" class=\"wp-image-6444\" style=\"width:75px;height:75px\" title=\"\"><\/figure>\n<\/div>\n\n\n<h4 class=\"wp-block-heading has-text-align-center\">Atenci\u00f3n al Cliente<\/h4>\n\n\n\n<p class=\"has-text-align-center\">La satisfacci\u00f3n del cliente es una prioridad en la filosof\u00eda de servicio de Toysan Finques. El equipo est\u00e1 comprometido en ofrecer respuestas r\u00e1pidas y eficientes a cualquier consulta o problema que pueda surgir durante la gesti\u00f3n del alquiler. Esta atenci\u00f3n al cliente proactiva contribuye a una experiencia positiva, generando confianza y fortaleciendo la relaci\u00f3n entre empresa y propietario.<\/p>\n<\/div>\n\n\n\n<div class=\"wp-block-column is-layout-flow wp-block-column-is-layout-flow\"><div class=\"wp-block-image\">\n<figure class=\"aligncenter size-full is-resized\"><img decoding=\"async\" width=\"500\" height=\"500\" src=\"https:\/\/toysanfinques.com\/wp-content\/uploads\/2024\/02\/1-2.png\" alt=\"\" class=\"wp-image-11675\" style=\"width:75px;height:75px\" title=\"\" srcset=\"https:\/\/toysanfinques.com\/wp-content\/uploads\/2024\/02\/1-2.png 500w, https:\/\/toysanfinques.com\/wp-content\/uploads\/2024\/02\/1-2-400x400.png 400w, https:\/\/toysanfinques.com\/wp-content\/uploads\/2024\/02\/1-2-150x150.png 150w\" sizes=\"(max-width: 500px) 100vw, 500px\" \/><\/figure>\n<\/div>\n\n\n<h4 class=\"wp-block-heading has-text-align-center\">Mantenimiento \u00d3ptimo<\/h4>\n\n\n\n<p class=\"has-text-align-center\">Comprometidos con el buen r\u00e9gimen de la propiedad, nuestro servicio no se limita a la gesti\u00f3n financiera. Tambi\u00e9n nos ocupamos del mantenimiento constante, contribuyendo as\u00ed a preservar y mejorar la infraestructura y valor general de la propiedad.<\/p>\n<\/div>\n\n\n\n<div class=\"wp-block-column is-layout-flow wp-block-column-is-layout-flow\"><div class=\"wp-block-image\">\n<figure class=\"aligncenter size-full is-resized\"><img decoding=\"async\" width=\"500\" height=\"500\" src=\"https:\/\/toysanfinques.com\/wp-content\/uploads\/2024\/02\/3-2.png\" alt=\"\" class=\"wp-image-11686\" style=\"width:75px;height:75px\" title=\"\" srcset=\"https:\/\/toysanfinques.com\/wp-content\/uploads\/2024\/02\/3-2.png 500w, https:\/\/toysanfinques.com\/wp-content\/uploads\/2024\/02\/3-2-400x400.png 400w, https:\/\/toysanfinques.com\/wp-content\/uploads\/2024\/02\/3-2-150x150.png 150w\" sizes=\"(max-width: 500px) 100vw, 500px\" \/><\/figure>\n<\/div>\n\n\n<h4 class=\"wp-block-heading has-text-align-center\">Transparencia y Confianza<\/h4>\n\n\n\n<p class=\"has-text-align-center\">La convocatoria y realizaci\u00f3n de juntas profesionales, junto con la ejecuci\u00f3n eficiente de acuerdos adoptados, son pilares que refuerzan la transparencia en nuestra gesti\u00f3n. Asimismo, la custodia esmerada del libro de actas y la documentaci\u00f3n de la Comunidad proporciona un apoyo s\u00f3lido para mantener la confianza de los propietarios en nuestra labor.<\/p>\n<\/div>\n<\/div>\n<\/div>\n<\/div>\n\n<\/div><\/div><div class=\"gb-container gb-container-adc07f0e\">\n\n<a class=\"gb-button gb-button-ead1622a\" href=\"https:\/\/toysanfinques.com\/es\/contacto\/\"><span class=\"gb-icon\"><svg xmlns=\"http:\/\/www.w3.org\/2000\/svg\" viewbox=\"0 0 16 16\" class=\"bi bi-telephone-forward-fill\" fill=\"currentColor\" height=\"16\" width=\"16\">   <path d=\"M1.885.511a1.745 1.745 0 0 1 2.61.163L6.29 2.98c.329.423.445.974.315 1.494l-.547 2.19a.68.68 0 0 0 .178.643l2.457 2.457a.68.68 0 0 0 .644.178l2.189-.547a1.75 1.75 0 0 1 1.494.315l2.306 1.794c.829.645.905 1.87.163 2.611l-1.034 1.034c-.74.74-1.846 1.065-2.877.702a18.6 18.6 0 0 1-7.01-4.42 18.6 18.6 0 0 1-4.42-7.009c-.362-1.03-.037-2.137.703-2.877zm10.761.135a.5.5 0 0 1 .708 0l2.5 2.5a.5.5 0 0 1 0 .708l-2.5 2.5a.5.5 0 0 1-.708-.708L14.293 4H9.5a.5.5 0 0 1 0-1h4.793l-1.647-1.646a.5.5 0 0 1 0-.708\" fill-rule=\"evenodd\"><\/path> <\/svg><\/span><span class=\"gb-button-text\">Cont\u00e1ctanos<\/span><\/a>\n\n<\/div><div class=\"gb-container gb-container-fd14cbb9 alignfull\"><div class=\"gb-inside-container\">\n\n<h2 class=\"gb-headline gb-headline-c9adeaa1 gb-headline-text section_title\">Preguntas Frecuentes (FAQ)<\/h2>\n\n\n<div id=\"rank-math-faq\" class=\"rank-math-block\">\n<div class=\"rank-math-list \">\n<div id=\"faq-question-1706788920585\" class=\"rank-math-list-item\">\n<h3 class=\"rank-math-question \">\u00bfCu\u00e1les son las t\u00edpicas responsabilidades de una empresa de gesti\u00f3n de comunidades de propietarios?<\/h3>\n<div class=\"rank-math-answer \">\n\n<p>Las responsabilidades comunes incluyen la recaudaci\u00f3n de cuotas, elaboraci\u00f3n de presupuestos, control financiero, mantenimiento de instalaciones, convocatoria y ejecuci\u00f3n de juntas, entre otros servicios destinados a asegurar la eficiencia y armon\u00eda en las comunidades.<\/p>\n\n<\/div>\n<\/div>\n<div id=\"faq-question-1706792501390\" class=\"rank-math-list-item\">\n<h3 class=\"rank-math-question \">\u00bfC\u00f3mo beneficia la gesti\u00f3n de comunidades de propietarios a los residentes?<\/h3>\n<div class=\"rank-math-answer \">\n\n<p>La gesti\u00f3n adecuada contribuye a un entorno residencial bien mantenido, facilita la resoluci\u00f3n de conflictos, asegura la transparencia en las operaciones y promueve la valorizaci\u00f3n de la propiedad, proporcionando a los residentes un ambiente seguro y cuidado.<\/p>\n\n<\/div>\n<\/div>\n<div id=\"faq-question-1706792520826\" class=\"rank-math-list-item\">\n<h3 class=\"rank-math-question \">\u00bfEn qu\u00e9 consiste el mantenimiento de instalaciones comunes dentro de la gesti\u00f3n de comunidades?<\/h3>\n<div class=\"rank-math-answer \">\n\n<p>El mantenimiento de instalaciones comunes incluye tareas como la supervisi\u00f3n y reparaci\u00f3n de \u00e1reas compartidas, la gesti\u00f3n de servicios y la planificaci\u00f3n de obras, garantizando que las infraestructuras est\u00e9n en condiciones \u00f3ptimas para el disfrute de todos los propietarios.<\/p>\n\n<\/div>\n<\/div>\n<div id=\"faq-question-1706792538595\" class=\"rank-math-list-item\">\n<h3 class=\"rank-math-question \">\u00bfEs necesario un enfoque personalizado en la gesti\u00f3n de comunidades de propietarios?<\/h3>\n<div class=\"rank-math-answer \">\n\n<p>S\u00ed, un enfoque personalizado es esencial para adaptar los servicios a las necesidades espec\u00edficas de cada comunidad. Esto implica considerar la ubicaci\u00f3n, el tama\u00f1o y las particularidades de la propiedad, asegurando as\u00ed una gesti\u00f3n efectiva y adecuada a las circunstancias particulares de cada sitio.<\/p>\n\n<\/div>\n<\/div>\n<\/div>\n<\/div>\n<\/div><\/div><div class=\"gb-container gb-container-a0b21bba\">\n\n<p class=\"has-text-align-center has-base-color has-text-color has-link-color wp-elements-fd7b85c4c9de72e7594af2f490167be5\"><a href=\"https:\/\/g.co\/kgs\/wz993ej\" rel=\"nofollow\">Toysan Finques <\/a><\/p>\n\n<\/div>","protected":false},"excerpt":{"rendered":"<p>Te presentamos nuestro servicio de gesti\u00f3n de comunidades de propietarios, una forma f\u00e1cil y c\u00f3moda de garantizar el buen funcionamiento<\/p>\n","protected":false},"author":1,"featured_media":11867,"parent":0,"menu_order":0,"comment_status":"closed","ping_status":"closed","template":"","meta":{"_acf_changed":false,"footnotes":""},"class_list":["post-11787","page","type-page","status-publish","has-post-thumbnail"],"acf":[],"_links":{"self":[{"href":"https:\/\/toysanfinques.com\/es\/wp-json\/wp\/v2\/pages\/11787","targetHints":{"allow":["GET"]}}],"collection":[{"href":"https:\/\/toysanfinques.com\/es\/wp-json\/wp\/v2\/pages"}],"about":[{"href":"https:\/\/toysanfinques.com\/es\/wp-json\/wp\/v2\/types\/page"}],"author":[{"embeddable":true,"href":"https:\/\/toysanfinques.com\/es\/wp-json\/wp\/v2\/users\/1"}],"replies":[{"embeddable":true,"href":"https:\/\/toysanfinques.com\/es\/wp-json\/wp\/v2\/comments?post=11787"}],"version-history":[{"count":2,"href":"https:\/\/toysanfinques.com\/es\/wp-json\/wp\/v2\/pages\/11787\/revisions"}],"predecessor-version":[{"id":11846,"href":"https:\/\/toysanfinques.com\/es\/wp-json\/wp\/v2\/pages\/11787\/revisions\/11846"}],"wp:featuredmedia":[{"embeddable":true,"href":"https:\/\/toysanfinques.com\/es\/wp-json\/wp\/v2\/media\/11867"}],"wp:attachment":[{"href":"https:\/\/toysanfinques.com\/es\/wp-json\/wp\/v2\/media?parent=11787"}],"curies":[{"name":"wp","href":"https:\/\/api.w.org\/{rel}","templated":true}]}}