{"id":11776,"date":"2024-02-06T12:14:05","date_gmt":"2024-02-06T11:14:05","guid":{"rendered":"https:\/\/toysanfinques.com\/compraventa-de-inmuebles\/"},"modified":"2024-02-08T09:41:52","modified_gmt":"2024-02-08T08:41:52","slug":"compraventa-de-inmuebles","status":"publish","type":"page","link":"https:\/\/toysanfinques.com\/es\/compraventa-de-inmuebles\/","title":{"rendered":"Compraventa de inmuebles"},"content":{"rendered":"\n<p class=\"has-text-align-center has-medium-font-size\"><em>\u00bfEst\u00e1s pensando en comprar o vender un piso? Descubre nuestro servicio de compraventa de inmuebles. Desde Toysan Finques queremos facilitarte este tr\u00e1mite, \u00a1cuenta con nosotros!<\/em><\/p>\n<div class=\"gb-container gb-container-1590dda1 alignfull\"><div class=\"gb-inside-container\">\n\n<h2 class=\"gb-headline gb-headline-f29c41d2 gb-headline-text section_title\">\u00bfQu\u00e9 es la compraventa de inmuebles?<\/h2>\n\n\n\n<p class=\"has-medium-font-size\">La compraventa de inmuebles es un proceso legal y financiero mediante el cual una parte transfiere la propiedad de un bien inmueble a otra a cambio de un precio acordado. <\/p>\n\n\n\n<p class=\"has-medium-font-size\">Este tipo de transacci\u00f3n implica la transferencia de derechos de propiedad, la firma de contratos y, en muchos casos, la intervenci\u00f3n de profesionales especializados.<\/p>\n\n<\/div><\/div><div class=\"gb-container gb-container-ae1e5ec6 wp-block-columns alignwide alignfull\"><div class=\"gb-inside-container\">\n\n<h2 class=\"gb-headline gb-headline-f5b609fd gb-headline-text section_title\">\u00bfPor qu\u00e9 poner la compra de un piso en manos de un profesional?<\/h2>\n\n\n\n<p class=\"has-text-align-left has-medium-font-size\">La compraventa de inmuebles puede ser un proceso complejo y lleno de detalles legales. Aqu\u00ed os presentamos algunas razones por las que es recomendable contar con la asesor\u00eda de un profesional:<\/p>\n\n\n\n<div class=\"wp-block-columns are-vertically-aligned-center is-layout-flex wp-container-core-columns-is-layout-9d6595d7 wp-block-columns-is-layout-flex\">\n<div class=\"wp-block-column is-vertically-aligned-center is-layout-flow wp-block-column-is-layout-flow\" style=\"flex-basis:33.33%\"><div class=\"wp-block-image wp-duotone-unset-1\">\n<figure class=\"aligncenter size-large\"><img decoding=\"async\" width=\"1700\" height=\"1275\" src=\"https:\/\/toysanfinques.com\/wp-content\/uploads\/2024\/02\/pexels-sevenstorm-juhaszimrus-588026-1700x1275.jpg\" alt=\"Compraventa de inmuebles\" class=\"wp-image-11641\" style=\"aspect-ratio:1;object-fit:cover\" title=\"\" srcset=\"https:\/\/toysanfinques.com\/wp-content\/uploads\/2024\/02\/pexels-sevenstorm-juhaszimrus-588026-1700x1275.jpg 1700w, https:\/\/toysanfinques.com\/wp-content\/uploads\/2024\/02\/pexels-sevenstorm-juhaszimrus-588026-400x300.jpg 400w, https:\/\/toysanfinques.com\/wp-content\/uploads\/2024\/02\/pexels-sevenstorm-juhaszimrus-588026-768x576.jpg 768w, https:\/\/toysanfinques.com\/wp-content\/uploads\/2024\/02\/pexels-sevenstorm-juhaszimrus-588026-1536x1152.jpg 1536w, https:\/\/toysanfinques.com\/wp-content\/uploads\/2024\/02\/pexels-sevenstorm-juhaszimrus-588026-2048x1536.jpg 2048w\" sizes=\"(max-width: 1700px) 100vw, 1700px\" \/><\/figure>\n<\/div><\/div>\n\n\n\n<div class=\"wp-block-column is-vertically-aligned-center is-layout-flow wp-block-column-is-layout-flow\" style=\"flex-basis:66.66%\">\n<ul class=\"has-medium-font-size wp-block-list\">\n<li><strong>Conocimiento legal:<\/strong> Un profesional del sector inmobiliario comprende las leyes y regulaciones pertinentes, asegurando que la transacci\u00f3n cumpla todos los requisitos legales.<\/li>\n\n\n\n<li><strong>Negociaci\u00f3n:<\/strong> Los profesionales tienen experiencia en la negociaci\u00f3n de t\u00e9rminos y condiciones beneficiosas para ambas partes, evitando posibles futuros conflictos.<\/li>\n\n\n\n<li><strong>Documentaci\u00f3n precisa:<\/strong> La redacci\u00f3n de contratos y otros documentos legales requiere precisi\u00f3n. Un profesional garantizar\u00e1 que la documentaci\u00f3n sea clara, completa y conforme a la normativa vigente.<\/li>\n\n\n\n<li><strong>Evaluaci\u00f3n del mercado:<\/strong> Los expertos inmobiliarios conocen el mercado y pueden ayudarte a fijar un precio justo para la propiedad, maximizando as\u00ed tus beneficios.<\/li>\n\n\n\n<li><strong>Gesti\u00f3n de tr\u00e1mites:<\/strong> La compraventa implica varios tr\u00e1mites administrativos y legales. Un profesional facilitar\u00e1 estos procesos, evitando posibles complicaciones.<\/li>\n<\/ul>\n<\/div>\n<\/div>\n\n<\/div><\/div><div class=\"gb-container gb-container-f8c7422d alignfull\"><div class=\"gb-inside-container\">\n\n<h2 class=\"gb-headline gb-headline-a624b202 gb-headline-text section_title\">Nuestros servicios especializados en compraventa<\/h2>\n\n\n\n<p class=\"has-text-align-center has-medium-font-size\">A continuaci\u00f3n te ofrecemos los servicios especializados con los que contamos en la compraventa de inmuebles:<\/p>\n\n<\/div><\/div><div class=\"gb-container gb-container-5ccbd9e2 service_item alignfull\"><div class=\"gb-inside-container\">\n\n<div class=\"wp-block-columns alignfull is-layout-flex wp-container-core-columns-is-layout-9d6595d7 wp-block-columns-is-layout-flex\">\n<div class=\"wp-block-column service_item__title has-base-color has-contrast-background-color has-text-color has-background is-layout-flow wp-block-column-is-layout-flow\" style=\"flex-basis:50%\"><div class=\"gb-container gb-container-b5427a80\"><div class=\"gb-inside-container\">\n\n<h3 class=\"gb-headline gb-headline-0ee168c1 gb-headline-text\">Valoraci\u00f3n y Comercializaci\u00f3n<\/h3>\n\n<\/div><\/div><\/div>\n\n\n\n<div class=\"wp-block-column is-vertically-aligned-center service_item__content is-layout-flow wp-block-column-is-layout-flow\"><div class=\"gb-container gb-container-fbaf2d08\"><div class=\"gb-inside-container\">\n\n<p>Ofrecemos una valoraci\u00f3n detallada de tu vivienda, oficina o local de negocio, teniendo en cuenta las fluctuaciones del mercado y la ubicaci\u00f3n espec\u00edfica del inmueble. Adem\u00e1s, nos encargamos de la efectiva comercializaci\u00f3n, promocionando tu propiedad en varios portales inmobiliarios, r\u00f3tulos visibles y prensa especializada.<\/p>\n\n<\/div><\/div><\/div>\n<\/div>\n\n<\/div><\/div><div class=\"gb-container gb-container-506f8c64 service_item alignfull\"><div class=\"gb-inside-container\">\n\n<div class=\"wp-block-columns alignfull is-layout-flex wp-container-core-columns-is-layout-9d6595d7 wp-block-columns-is-layout-flex\">\n<div class=\"wp-block-column service_item__content is-layout-flow wp-block-column-is-layout-flow\"><div class=\"gb-container gb-container-3eba9213\"><div class=\"gb-inside-container\">\n\n<p>Contamos con expertos fiscales y jur\u00eddicos que le proporcionar\u00e1n un asesoramiento completo. Desde la revisi\u00f3n de documentos hasta la orientaci\u00f3n en aspectos tributarios, nuestro equipo le guiar\u00e1 en cada paso del proceso, asegurando conformidad con las normativas vigentes.<\/p>\n\n<\/div><\/div><\/div>\n\n\n\n<div class=\"wp-block-column is-vertically-aligned-center service_item__title has-base-color has-contrast-background-color has-text-color has-background is-layout-flow wp-block-column-is-layout-flow\" style=\"flex-basis:50%\"><div class=\"gb-container gb-container-17e675f4\"><div class=\"gb-inside-container\">\n\n<h3 class=\"gb-headline gb-headline-68467d9b gb-headline-text\">Asesoramiento Integral<\/h3>\n\n<\/div><\/div><\/div>\n<\/div>\n\n<\/div><\/div><div class=\"gb-container gb-container-3084c05b service_item alignfull\"><div class=\"gb-inside-container\">\n\n<div class=\"wp-block-columns alignfull are-vertically-aligned-center is-layout-flex wp-container-core-columns-is-layout-9d6595d7 wp-block-columns-is-layout-flex\">\n<div class=\"wp-block-column is-vertically-aligned-center service_item__title has-base-color has-contrast-background-color has-text-color has-background is-layout-flow wp-block-column-is-layout-flow\" style=\"flex-basis:50%\"><div class=\"gb-container gb-container-d493ac35\"><div class=\"gb-inside-container\">\n\n<h3 class=\"gb-headline gb-headline-d2af2d3e gb-headline-text\">Redacci\u00f3n de Documentos<\/h3>\n\n<\/div><\/div><\/div>\n\n\n\n<div class=\"wp-block-column is-vertically-aligned-center service_item__content is-layout-flow wp-block-column-is-layout-flow\"><div class=\"gb-container gb-container-a9dd6240\"><div class=\"gb-inside-container\">\n\n<p>Nos ocupamos de la redacci\u00f3n precisa y detallada de documentos cruciales como los contratos de arras y compraventa. La claridad en estos documentos es esencial, y nuestro equipo se asegura de que reflejen fielmente los t\u00e9rminos acordados, brindando tranquilidad y seguridad jur\u00eddica.<\/p>\n\n<\/div><\/div><\/div>\n<\/div>\n\n<\/div><\/div><div class=\"gb-container gb-container-ce090243 service_item alignfull\"><div class=\"gb-inside-container\">\n\n<div class=\"wp-block-columns alignfull are-vertically-aligned-center is-layout-flex wp-container-core-columns-is-layout-9d6595d7 wp-block-columns-is-layout-flex\">\n<div class=\"wp-block-column is-vertically-aligned-center service_item__content is-layout-flow wp-block-column-is-layout-flow\"><div class=\"gb-container gb-container-7c20cb08\"><div class=\"gb-inside-container\">\n\n<p>Si necesita financiaci\u00f3n para la compra, nos encargamos de la tramitaci\u00f3n de hipotecas. Nuestro equipo gestionar\u00e1 sus aspectos financieros, facilitando el proceso y asegurando que todas las condiciones sean favorables para ti.<\/p>\n\n<\/div><\/div><\/div>\n\n\n\n<div class=\"wp-block-column is-vertically-aligned-center service_item__title has-base-color has-contrast-background-color has-text-color has-background is-layout-flow wp-block-column-is-layout-flow\" style=\"flex-basis:50%\"><div class=\"gb-container gb-container-8b10da10\"><div class=\"gb-inside-container\">\n\n<h3 class=\"gb-headline gb-headline-786ad802 gb-headline-text\">Tramitaci\u00f3n de hipotecas<\/h3>\n\n<\/div><\/div><\/div>\n<\/div>\n\n<\/div><\/div><div class=\"gb-container gb-container-6e5b3299 service_item alignfull\"><div class=\"gb-inside-container\">\n\n<div class=\"wp-block-columns alignfull are-vertically-aligned-center is-layout-flex wp-container-core-columns-is-layout-9d6595d7 wp-block-columns-is-layout-flex\">\n<div class=\"wp-block-column is-vertically-aligned-center service_item__title has-base-color has-contrast-background-color has-text-color has-background is-layout-flow wp-block-column-is-layout-flow\" style=\"flex-basis:50%\"><div class=\"gb-container gb-container-a218c607\"><div class=\"gb-inside-container\">\n\n<h3 class=\"gb-headline gb-headline-d056309b gb-headline-text\">Gesti\u00f3n de impuestos<\/h3>\n\n<\/div><\/div><\/div>\n\n\n\n<div class=\"wp-block-column is-vertically-aligned-center service_item__content is-layout-flow wp-block-column-is-layout-flow\"><div class=\"gb-container gb-container-3dea24b2\"><div class=\"gb-inside-container\">\n\n<p>La compraventa de inmuebles comporta obligaciones fiscales espec\u00edficas. Nos ocupamos de la tramitaci\u00f3n de los impuestos derivados de la venta, asegurando el cumplimiento de todas las obligaciones tributarias de forma eficiente y transparente.<\/p>\n\n<\/div><\/div><\/div>\n<\/div>\n\n<\/div><\/div><div class=\"gb-container gb-container-71eddb79 service_item alignfull\"><div class=\"gb-inside-container\">\n\n<div class=\"wp-block-columns alignfull are-vertically-aligned-center is-layout-flex wp-container-core-columns-is-layout-9d6595d7 wp-block-columns-is-layout-flex\">\n<div class=\"wp-block-column is-vertically-aligned-center service_item__content is-layout-flow wp-block-column-is-layout-flow\"><div class=\"gb-container gb-container-f7d902c7\"><div class=\"gb-inside-container\">\n\n<p>Facilitamos el proceso al acompa\u00f1arte a la asistencia al notario. Nuestro equipo garantiza que todos los documentos est\u00e9n en orden y que la transacci\u00f3n se realice de forma fluida y conforme a las leyes aplicables.<\/p>\n\n<\/div><\/div><\/div>\n\n\n\n<div class=\"wp-block-column is-vertically-aligned-center service_item__title has-base-color has-contrast-background-color has-text-color has-background is-layout-flow wp-block-column-is-layout-flow\" style=\"flex-basis:50%\"><div class=\"gb-container gb-container-5b310f4b\"><div class=\"gb-inside-container\">\n\n<h3 class=\"gb-headline gb-headline-780b84d5 gb-headline-text\">Asistencia Notarial<\/h3>\n\n<\/div><\/div><\/div>\n<\/div>\n\n<\/div><\/div><div class=\"gb-container gb-container-dc1f16cb service_item alignfull\"><div class=\"gb-inside-container\">\n\n<div class=\"wp-block-columns alignfull are-vertically-aligned-center is-layout-flex wp-container-core-columns-is-layout-9d6595d7 wp-block-columns-is-layout-flex\">\n<div class=\"wp-block-column is-vertically-aligned-center service_item__title has-base-color has-contrast-background-color has-text-color has-background is-layout-flow wp-block-column-is-layout-flow\" style=\"flex-basis:50%\"><div class=\"gb-container gb-container-f56e22db\"><div class=\"gb-inside-container\">\n\n<h3 class=\"gb-headline gb-headline-164f1b60 gb-headline-text\">Solicitud de Certificados<\/h3>\n\n<\/div><\/div><\/div>\n\n\n\n<div class=\"wp-block-column is-vertically-aligned-center service_item__content is-layout-flow wp-block-column-is-layout-flow\"><div class=\"gb-container gb-container-a0440d6e\"><div class=\"gb-inside-container\">\n\n<p>Agilizamos la obtenci\u00f3n de certificados necesarios para la transacci\u00f3n. Desde certificados de deuda hasta certificados energ\u00e9ticos, nos encargamos de gestionar todos los documentos requeridos para la venta de su propiedad.<\/p>\n\n<\/div><\/div><\/div>\n<\/div>\n\n<\/div><\/div><div class=\"gb-container gb-container-533d7d5e alignfull\"><div class=\"gb-inside-container\">\n\n<h2 class=\"gb-headline gb-headline-61e3c2ab gb-headline-text section_title\">Toysan Finques: la inmobiliaria que estabas buscando<\/h2>\n\n\n\n<p class=\"has-text-align-center has-medium-font-size\">Aqu\u00ed te presentamos algunas razones que destacan nuestra excelencia en el sector inmobiliario:<\/p>\n\n<\/div><\/div><div class=\"gb-container gb-container-55cc73c6 wp-block-columns alignwide alignfull\"><div class=\"gb-inside-container\">\n\n<div class=\"wp-block-columns is-layout-flex wp-container-core-columns-is-layout-9d6595d7 wp-block-columns-is-layout-flex\">\n<div class=\"wp-block-column is-layout-flow wp-block-column-is-layout-flow\" style=\"flex-basis:100%\">\n<div class=\"wp-block-columns alignwide is-layout-flex wp-container-core-columns-is-layout-9d6595d7 wp-block-columns-is-layout-flex\">\n<div class=\"wp-block-column is-layout-flow wp-block-column-is-layout-flow\"><div class=\"wp-block-image\">\n<figure class=\"aligncenter size-full is-resized\"><img decoding=\"async\" src=\"https:\/\/toysanfinques.com\/wp-content\/uploads\/2022\/01\/respecte.svg\" alt=\"\" class=\"wp-image-6442\" style=\"width:75px;height:75px\" title=\"\"><\/figure>\n<\/div>\n\n\n<h4 class=\"wp-block-heading has-text-align-center\">Trato Profesional y Personalizado<\/h4>\n\n\n\n<p class=\"has-text-align-center\">En Toysan Finques, cada cliente es \u00fanico y nuestro compromiso se refleja en un trato profesional y personalizado. Nos tomamos el tiempo para entender tus necesidades y expectativas, brind\u00e1ndote un servicio adaptado a tus requisitos espec\u00edficos.<\/p>\n<\/div>\n\n\n\n<div class=\"wp-block-column is-layout-flow wp-block-column-is-layout-flow\"><div class=\"wp-block-image\">\n<figure class=\"aligncenter size-full is-resized\"><img decoding=\"async\" src=\"https:\/\/toysanfinques.com\/wp-content\/uploads\/2022\/01\/compromis-finques.svg\" alt=\"\" class=\"wp-image-6448\" style=\"width:75px;height:75px\" title=\"\"><\/figure>\n<\/div>\n\n\n<h4 class=\"wp-block-heading has-text-align-center\">Experiencia Consolidada<\/h4>\n\n\n\n<p class=\"has-text-align-center\">Con m\u00e1s de 50 a\u00f1os de experiencia en el mercado inmobiliario, nuestra trayectoria habla por s\u00ed misma. Hemos sido testigos y protagonistas de la evoluci\u00f3n del sector, acumulando conocimientos y habilidades que ponemos a su disposici\u00f3n para asegurar transacciones exitosas.<\/p>\n<\/div>\n\n\n\n<div class=\"wp-block-column is-layout-flow wp-block-column-is-layout-flow\"><div class=\"wp-block-image\">\n<figure class=\"aligncenter size-full is-resized\"><img decoding=\"async\" src=\"https:\/\/toysanfinques.com\/wp-content\/uploads\/2022\/01\/honest-administrador-finques-barcelona.svg\" alt=\"\" class=\"wp-image-6446\" style=\"width:75px;height:75px\" title=\"\"><\/figure>\n<\/div>\n\n\n<h4 class=\"wp-block-heading has-text-align-center\">Relaci\u00f3n de Confianza con el Cliente<\/h4>\n\n\n\n<p class=\"has-text-align-center\">La confianza es el pilar de nuestra relaci\u00f3n con nuestros clientes. Nos esforzamos por establecer v\u00ednculos s\u00f3lidos, basados en la transparencia, la honestidad y la integridad. En Toysan Finques, tu satisfacci\u00f3n es nuestra prioridad.<\/p>\n<\/div>\n<\/div>\n<\/div>\n<\/div>\n\n\n\n<div class=\"wp-block-columns is-layout-flex wp-container-core-columns-is-layout-9d6595d7 wp-block-columns-is-layout-flex\">\n<div class=\"wp-block-column is-layout-flow wp-block-column-is-layout-flow\" style=\"flex-basis:100%\">\n<div class=\"wp-block-columns alignwide is-layout-flex wp-container-core-columns-is-layout-9d6595d7 wp-block-columns-is-layout-flex\">\n<div class=\"wp-block-column is-layout-flow wp-block-column-is-layout-flow\"><div class=\"wp-block-image\">\n<figure class=\"aligncenter size-full is-resized\"><img decoding=\"async\" src=\"https:\/\/toysanfinques.com\/wp-content\/uploads\/2022\/01\/serveis-inmobles-finques.svg\" alt=\"\" class=\"wp-image-6444\" style=\"width:75px;height:75px\" title=\"\"><\/figure>\n<\/div>\n\n\n<h4 class=\"wp-block-heading has-text-align-center\">Cartera de Clientes Satisfechos<\/h4>\n\n\n\n<p class=\"has-text-align-center\">Nuestra amplia cartera de clientes satisfechos apoya nuestro compromiso con la excelencia. Hemos colaborado con personas y empresas consiguiendo resultados positivos y construyendo relaciones a largo plazo. Tu \u00e9xito es nuestro \u00e9xito.<\/p>\n<\/div>\n\n\n\n<div class=\"wp-block-column is-layout-flow wp-block-column-is-layout-flow\"><div class=\"wp-block-image\">\n<figure class=\"aligncenter size-full is-resized\"><img decoding=\"async\" width=\"500\" height=\"500\" src=\"https:\/\/toysanfinques.com\/wp-content\/uploads\/2024\/02\/1-2.png\" alt=\"\" class=\"wp-image-11675\" style=\"width:75px;height:75px\" title=\"\" srcset=\"https:\/\/toysanfinques.com\/wp-content\/uploads\/2024\/02\/1-2.png 500w, https:\/\/toysanfinques.com\/wp-content\/uploads\/2024\/02\/1-2-400x400.png 400w, https:\/\/toysanfinques.com\/wp-content\/uploads\/2024\/02\/1-2-150x150.png 150w\" sizes=\"(max-width: 500px) 100vw, 500px\" \/><\/figure>\n<\/div>\n\n\n<h4 class=\"wp-block-heading has-text-align-center\">Servicios Integrales<\/h4>\n\n\n\n<p class=\"has-text-align-center\">Ofrecemos un conjunto completo de servicios, desde la valoraci\u00f3n y comercializaci\u00f3n hasta la asesor\u00eda fiscal y jur\u00eddica. Con Toysan Finques, obtienes un equipo multidisciplinar que se encargar\u00e1 de cada aspecto de tu transacci\u00f3n inmobiliaria, simplificando el proceso para ti.<\/p>\n<\/div>\n\n\n\n<div class=\"wp-block-column is-layout-flow wp-block-column-is-layout-flow\"><div class=\"wp-block-image\">\n<figure class=\"aligncenter size-full is-resized\"><img decoding=\"async\" width=\"500\" height=\"500\" src=\"https:\/\/toysanfinques.com\/wp-content\/uploads\/2024\/02\/4.png\" alt=\"\" class=\"wp-image-11673\" style=\"width:75px;height:75px\" title=\"\" srcset=\"https:\/\/toysanfinques.com\/wp-content\/uploads\/2024\/02\/4.png 500w, https:\/\/toysanfinques.com\/wp-content\/uploads\/2024\/02\/4-400x400.png 400w, https:\/\/toysanfinques.com\/wp-content\/uploads\/2024\/02\/4-150x150.png 150w\" sizes=\"(max-width: 500px) 100vw, 500px\" \/><\/figure>\n<\/div>\n\n\n<h4 class=\"wp-block-heading has-text-align-center\">Innovaci\u00f3n y Adaptabilidad<\/h4>\n\n\n\n<p class=\"has-text-align-center\">En Toysan Finques, nos destacamos por innovar y adaptarnos a las tendencias del mercado inmobiliario. Utilizamos tecnolog\u00edas avanzadas para garantizar que nuestros clientes se beneficien de las \u00faltimas herramientas. Nuestra adaptabilidad nos permite ofrecer soluciones personalizadas, asegurando \u00f3ptimos resultados.<\/p>\n<\/div>\n<\/div>\n<\/div>\n<\/div>\n\n<\/div><\/div><div class=\"gb-container gb-container-adc07f0e\">\n\n<a class=\"gb-button gb-button-ead1622a\" href=\"https:\/\/toysanfinques.com\/es\/contacto\/\"><span class=\"gb-icon\"><svg xmlns=\"http:\/\/www.w3.org\/2000\/svg\" viewbox=\"0 0 16 16\" class=\"bi bi-telephone-forward-fill\" fill=\"currentColor\" height=\"16\" width=\"16\">   <path d=\"M1.885.511a1.745 1.745 0 0 1 2.61.163L6.29 2.98c.329.423.445.974.315 1.494l-.547 2.19a.68.68 0 0 0 .178.643l2.457 2.457a.68.68 0 0 0 .644.178l2.189-.547a1.75 1.75 0 0 1 1.494.315l2.306 1.794c.829.645.905 1.87.163 2.611l-1.034 1.034c-.74.74-1.846 1.065-2.877.702a18.6 18.6 0 0 1-7.01-4.42 18.6 18.6 0 0 1-4.42-7.009c-.362-1.03-.037-2.137.703-2.877zm10.761.135a.5.5 0 0 1 .708 0l2.5 2.5a.5.5 0 0 1 0 .708l-2.5 2.5a.5.5 0 0 1-.708-.708L14.293 4H9.5a.5.5 0 0 1 0-1h4.793l-1.647-1.646a.5.5 0 0 1 0-.708\" fill-rule=\"evenodd\"><\/path> <\/svg><\/span><span class=\"gb-button-text\">Cont\u00e1ctanos<\/span><\/a>\n\n<\/div><div class=\"gb-container gb-container-fd14cbb9 alignfull\"><div class=\"gb-inside-container\">\n\n<h2 class=\"gb-headline gb-headline-c9adeaa1 gb-headline-text section_title\">Preguntas Frecuentes (FAQ)<\/h2>\n\n\n<div id=\"rank-math-faq\" class=\"rank-math-block\">\n<div class=\"rank-math-list \">\n<div id=\"faq-question-1706788920585\" class=\"rank-math-list-item\">\n<h3 class=\"rank-math-question \"><br>\u00bfPor qu\u00e9 deber\u00eda elegir Toysan Finques para vender mi propiedad?<\/h3>\n<div class=\"rank-math-answer \">\n\n<p>En Toysan Finques, ofrecemos m\u00e1s de 50 a\u00f1os de experiencia en el mercado inmobiliario, un trato personalizado y una cartera de clientes satisfechos. Nuestro enfoque profesional y servicios integrales garantizan una transacci\u00f3n exitosa y sin complicaciones.<\/p>\n\n<\/div>\n<\/div>\n<div id=\"faq-question-1706792501390\" class=\"rank-math-list-item\">\n<h3 class=\"rank-math-question \">\u00bfC\u00f3mo determinan el valor de mi propiedad?<\/h3>\n<div class=\"rank-math-answer \">\n\n<p>Nuestro equipo realiza una valoraci\u00f3n detallada considerando las condiciones del mercado y la ubicaci\u00f3n espec\u00edfica de tu propiedad. Utilizamos m\u00e9todos precisos para asegurar una valoraci\u00f3n justa y competitiva, maximizando tus beneficios.<\/p>\n\n<\/div>\n<\/div>\n<div id=\"faq-question-1706792520826\" class=\"rank-math-list-item\">\n<h3 class=\"rank-math-question \">\u00bfQu\u00e9 servicios adicionales ofrece Toysan Finques aparte de la compraventa?<\/h3>\n<div class=\"rank-math-answer \">\n\n<p>Adem\u00e1s de la compraventa, ofrecemos servicios integrales que incluyen asesoramiento fiscal y jur\u00eddico, redacci\u00f3n de documentos, tramitaci\u00f3n de hipotecas, gesti\u00f3n de impuestos, asistencia notarial y solicitud de certificados. Nos encargamos de todos los aspectos para hacer tu experiencia lo m\u00e1s c\u00f3moda posible.<\/p>\n\n<\/div>\n<\/div>\n<div id=\"faq-question-1706792538595\" class=\"rank-math-list-item\">\n<h3 class=\"rank-math-question \">\u00bfC\u00f3mo puedo confiar en la transparencia de la transacci\u00f3n con Toysan Finques?<\/h3>\n<div class=\"rank-math-answer \">\n\n<p>La transparencia es fundamental en nuestra relaci\u00f3n con nuestros clientes. Nos comprometemos a proporcionar informaci\u00f3n clara y honesta en cada etapa del proceso. Nuestra larga lista de clientes satisfechos y nuestro enfoque en relaciones a largo plazo son testigo de nuestra integridad y confiabilidad.<\/p>\n\n<\/div>\n<\/div>\n<\/div>\n<\/div>\n<\/div><\/div><div class=\"gb-container gb-container-a0b21bba\">\n\n<p class=\"has-text-align-center has-base-color has-text-color has-link-color wp-elements-fd7b85c4c9de72e7594af2f490167be5\"><a href=\"https:\/\/g.co\/kgs\/wz993ej\" rel=\"nofollow\">Toysan Finques <\/a><\/p>\n\n<\/div>","protected":false},"excerpt":{"rendered":"<p>\u00bfEst\u00e1s pensando en comprar o vender un piso? Descubre nuestro servicio de compraventa de inmuebles. Desde Toysan Finques queremos facilitarte<\/p>\n","protected":false},"author":1,"featured_media":11864,"parent":0,"menu_order":0,"comment_status":"closed","ping_status":"closed","template":"","meta":{"_acf_changed":false,"footnotes":""},"class_list":["post-11776","page","type-page","status-publish","has-post-thumbnail"],"acf":[],"_links":{"self":[{"href":"https:\/\/toysanfinques.com\/es\/wp-json\/wp\/v2\/pages\/11776","targetHints":{"allow":["GET"]}}],"collection":[{"href":"https:\/\/toysanfinques.com\/es\/wp-json\/wp\/v2\/pages"}],"about":[{"href":"https:\/\/toysanfinques.com\/es\/wp-json\/wp\/v2\/types\/page"}],"author":[{"embeddable":true,"href":"https:\/\/toysanfinques.com\/es\/wp-json\/wp\/v2\/users\/1"}],"replies":[{"embeddable":true,"href":"https:\/\/toysanfinques.com\/es\/wp-json\/wp\/v2\/comments?post=11776"}],"version-history":[{"count":5,"href":"https:\/\/toysanfinques.com\/es\/wp-json\/wp\/v2\/pages\/11776\/revisions"}],"predecessor-version":[{"id":11855,"href":"https:\/\/toysanfinques.com\/es\/wp-json\/wp\/v2\/pages\/11776\/revisions\/11855"}],"wp:featuredmedia":[{"embeddable":true,"href":"https:\/\/toysanfinques.com\/es\/wp-json\/wp\/v2\/media\/11864"}],"wp:attachment":[{"href":"https:\/\/toysanfinques.com\/es\/wp-json\/wp\/v2\/media?parent=11776"}],"curies":[{"name":"wp","href":"https:\/\/api.w.org\/{rel}","templated":true}]}}