{"id":11770,"date":"2024-02-06T11:54:31","date_gmt":"2024-02-06T10:54:31","guid":{"rendered":"https:\/\/toysanfinques.com\/administracion-de-alquileres\/"},"modified":"2024-02-08T10:13:07","modified_gmt":"2024-02-08T09:13:07","slug":"administracion-de-alquileres","status":"publish","type":"page","link":"https:\/\/toysanfinques.com\/es\/administracion-de-alquileres\/","title":{"rendered":"Administraci\u00f3n de alquileres"},"content":{"rendered":"\n<p class=\"has-text-align-center has-medium-font-size\"><em>Te presentamos nuestro servicio de gesti\u00f3n de comunidades de propietarios, una forma f\u00e1cil y c\u00f3moda de garantizar el buen funcionamiento y mantenimiento de tu comunidad de vecinos. Desde Toysan Finques se lo ponemos f\u00e1cil, con un servicio \u00f3ptimo, profesional y personalizado.<\/em><\/p>\n<div class=\"gb-container gb-container-1590dda1 alignfull\"><div class=\"gb-inside-container\">\n\n<h2 class=\"gb-headline gb-headline-f29c41d2 gb-headline-text section_title\">\u00bfQu\u00e9 es la administraci\u00f3n de alquileres?<\/h2>\n\n\n\n<p class=\"has-medium-font-size\">La administraci\u00f3n de alquileres es un conjunto de procesos y tareas dise\u00f1adas para gestionar eficientemente las propiedades destinadas al arrendamiento.<\/p>\n\n\n\n<p class=\"has-medium-font-size\">Este servicio abarca desde la comercializaci\u00f3n de los inmuebles hasta la resoluci\u00f3n de aspectos legales y financieros, con el objetivo principal de garantizar el m\u00e1ximo rendimiento y bienestar para el propietario.<\/p>\n\n<\/div><\/div><div class=\"gb-container gb-container-ae1e5ec6 wp-block-columns alignwide alignfull\"><div class=\"gb-inside-container\">\n\n<h2 class=\"gb-headline gb-headline-f5b609fd gb-headline-text section_title\">\u00bfDe qu\u00e9 nos encargamos en Toysan Finques?<\/h2>\n\n\n\n<p class=\"has-text-align-left has-medium-font-size\">Estas son todas las tareas de las que nos encargaremos a Toysan Finques para que t\u00fa no tengas que preocuparte de nada:<\/p>\n\n\n\n<div class=\"wp-block-columns are-vertically-aligned-center is-layout-flex wp-container-core-columns-is-layout-9d6595d7 wp-block-columns-is-layout-flex\">\n<div class=\"wp-block-column is-vertically-aligned-center is-layout-flow wp-block-column-is-layout-flow\" style=\"flex-basis:33.33%\"><div class=\"wp-block-image wp-duotone-unset-1\">\n<figure class=\"aligncenter size-large\"><img decoding=\"async\" width=\"1400\" height=\"2100\" src=\"https:\/\/toysanfinques.com\/wp-content\/uploads\/2024\/02\/pexels-charlotte-may-5825576-1400x2100.jpg\" alt=\"administraci&#xF3;n de alquileres\" class=\"wp-image-11690\" style=\"aspect-ratio:9\/16;object-fit:cover\" title=\"\" srcset=\"https:\/\/toysanfinques.com\/wp-content\/uploads\/2024\/02\/pexels-charlotte-may-5825576-1400x2100.jpg 1400w, https:\/\/toysanfinques.com\/wp-content\/uploads\/2024\/02\/pexels-charlotte-may-5825576-267x400.jpg 267w, https:\/\/toysanfinques.com\/wp-content\/uploads\/2024\/02\/pexels-charlotte-may-5825576-768x1152.jpg 768w, https:\/\/toysanfinques.com\/wp-content\/uploads\/2024\/02\/pexels-charlotte-may-5825576-1024x1536.jpg 1024w, https:\/\/toysanfinques.com\/wp-content\/uploads\/2024\/02\/pexels-charlotte-may-5825576-1365x2048.jpg 1365w, https:\/\/toysanfinques.com\/wp-content\/uploads\/2024\/02\/pexels-charlotte-may-5825576-scaled.jpg 1707w\" sizes=\"(max-width: 1400px) 100vw, 1400px\" \/><\/figure>\n<\/div><\/div>\n\n\n\n<div class=\"wp-block-column is-vertically-aligned-center is-layout-flow wp-block-column-is-layout-flow\" style=\"flex-basis:66.66%\">\n<ul class=\"has-medium-font-size wp-block-list\">\n<li><strong>Gesti\u00f3n integral del alquiler:<\/strong> Coordinaci\u00f3n y supervisi\u00f3n de todas las operaciones relacionadas con el alquiler de viviendas, locales de negocio y oficinas.<\/li>\n\n\n\n<li><strong>Asesoramiento y valoraci\u00f3n:<\/strong> Evaluaci\u00f3n del valor del inmueble y asesoramiento para optimizar su rentabilidad.<\/li>\n\n\n\n<li><strong>Selecci\u00f3n de arrendatarios: An\u00e1lisis exhaustivo de la solvencia del candidato a arrendatario para garantizar pagos puntuales.<\/strong><\/li>\n\n\n\n<li><strong>Gesti\u00f3n Contractual y Legal:<\/strong> Redacci\u00f3n de contratos de arrendamiento s\u00f3lidos y de acuerdo con la normativa vigente. Tramitaci\u00f3n de fianzas en la Generalitat de Catalunya (INCASOL).<\/li>\n\n\n\n<li><strong>Revisi\u00f3n y Actualizaci\u00f3n de Alquileres:<\/strong> Verificaci\u00f3n peri\u00f3dica de los contratos y ajuste de rentas seg\u00fan lo estipulado en la LAU.<\/li>\n\n\n\n<li><strong>Finanzas y Cobros:<\/strong> gesti\u00f3n eficiente del cobro de las rentas, monitorizaci\u00f3n continua y registro en el Colegio de Administradores de Fincas para prevenir impagos y gesti\u00f3n judicial en caso necesario.<\/li>\n\n\n\n<li><strong>Ejecuci\u00f3n de Acuerdos:<\/strong> Implementamos eficientemente los acuerdos adoptados en las juntas y reuniones, asegurando la oportuna ejecuci\u00f3n de decisiones importantes.<\/li>\n\n\n\n<li><strong>Administraci\u00f3n y tr\u00e1mites:<\/strong> Resoluci\u00f3n y liquidaci\u00f3n de las fianzas, gesti\u00f3n de la documentaci\u00f3n, gesti\u00f3n tributaria as\u00ed como la emisi\u00f3n de los certificados que se requieran.<\/li>\n<\/ul>\n<\/div>\n<\/div>\n\n<\/div><\/div><div class=\"gb-container gb-container-f8c7422d alignfull\"><div class=\"gb-inside-container\">\n\n<h2 class=\"gb-headline gb-headline-a624b202 gb-headline-text section_title\">\u00bfPor qu\u00e9 es importante administrar el alquiler con un profesional?<\/h2>\n\n\n\n<p class=\"has-text-align-center has-medium-font-size\">Contar con un profesional como Toysan Finques para gestionar tu propiedad ofrece una serie de ventajas significativas:<\/p>\n\n<\/div><\/div><div class=\"gb-container gb-container-5ccbd9e2 service_item alignfull\"><div class=\"gb-inside-container\">\n\n<div class=\"wp-block-columns alignfull is-layout-flex wp-container-core-columns-is-layout-9d6595d7 wp-block-columns-is-layout-flex\">\n<div class=\"wp-block-column service_item__title has-base-color has-contrast-background-color has-text-color has-background is-layout-flow wp-block-column-is-layout-flow\" style=\"flex-basis:50%\"><div class=\"gb-container gb-container-b5427a80\"><div class=\"gb-inside-container\">\n\n<h3 class=\"gb-headline gb-headline-0ee168c1 gb-headline-text\">Optimizaci\u00f3n de Rentabilidad<\/h3>\n\n<\/div><\/div><\/div>\n\n\n\n<div class=\"wp-block-column is-vertically-aligned-center service_item__content is-layout-flow wp-block-column-is-layout-flow\"><div class=\"gb-container gb-container-fbaf2d08\"><div class=\"gb-inside-container\">\n\n<p>Los profesionales conocen el mercado inmobiliario y aplican estrategias para maximizar la rentabilidad de su propiedad.<\/p>\n\n<\/div><\/div><\/div>\n<\/div>\n\n<\/div><\/div><div class=\"gb-container gb-container-506f8c64 service_item alignfull\"><div class=\"gb-inside-container\">\n\n<div class=\"wp-block-columns alignfull is-layout-flex wp-container-core-columns-is-layout-9d6595d7 wp-block-columns-is-layout-flex\">\n<div class=\"wp-block-column service_item__content is-layout-flow wp-block-column-is-layout-flow\"><div class=\"gb-container gb-container-3eba9213\"><div class=\"gb-inside-container\">\n\n<p>La experiencia en la evaluaci\u00f3n de la solvencia de los arrendatarios asegura la selecci\u00f3n de inquilinos de confianza, minimizando el riesgo de impagos.<\/p>\n\n<\/div><\/div><\/div>\n\n\n\n<div class=\"wp-block-column is-vertically-aligned-center service_item__title has-base-color has-contrast-background-color has-text-color has-background is-layout-flow wp-block-column-is-layout-flow\" style=\"flex-basis:50%\"><div class=\"gb-container gb-container-17e675f4\"><div class=\"gb-inside-container\">\n\n<h3 class=\"gb-headline gb-headline-68467d9b gb-headline-text\">Selecci\u00f3n de Inquilinos Confiables<\/h3>\n\n<\/div><\/div><\/div>\n<\/div>\n\n<\/div><\/div><div class=\"gb-container gb-container-83e350b1 service_item alignfull\"><div class=\"gb-inside-container\">\n\n<div class=\"wp-block-columns alignfull are-vertically-aligned-center is-layout-flex wp-container-core-columns-is-layout-9d6595d7 wp-block-columns-is-layout-flex\">\n<div class=\"wp-block-column is-vertically-aligned-center service_item__title has-base-color has-contrast-background-color has-text-color has-background is-layout-flow wp-block-column-is-layout-flow\" style=\"flex-basis:50%\"><div class=\"gb-container gb-container-f78f9e08\"><div class=\"gb-inside-container\">\n\n<h3 class=\"gb-headline gb-headline-731d8cb7 gb-headline-text\">Reducci\u00f3n de pisos vac\u00edos<\/h3>\n\n<\/div><\/div><\/div>\n\n\n\n<div class=\"wp-block-column is-vertically-aligned-center service_item__content is-layout-flow wp-block-column-is-layout-flow\"><div class=\"gb-container gb-container-830c25dd\"><div class=\"gb-inside-container\">\n\n<p>La comercializaci\u00f3n efectiva y la r\u00e1pida gesti\u00f3n de contratos reducen los per\u00edodos de pisos vac\u00edos, asegurando ingresos constantes.<\/p>\n\n<\/div><\/div><\/div>\n<\/div>\n\n<\/div><\/div><div class=\"gb-container gb-container-63e1d3dc service_item alignfull\"><div class=\"gb-inside-container\">\n\n<div class=\"wp-block-columns alignfull are-vertically-aligned-center is-layout-flex wp-container-core-columns-is-layout-9d6595d7 wp-block-columns-is-layout-flex\">\n<div class=\"wp-block-column is-vertically-aligned-center service_item__content is-layout-flow wp-block-column-is-layout-flow\"><div class=\"gb-container gb-container-6cd9aefd\"><div class=\"gb-inside-container\">\n\n<p>Profesionales como Toysan Finques redactan contratos s\u00f3lidos y actualizados seg\u00fan la normativa vigente, proporcionando seguridad jur\u00eddica al propietario.<\/p>\n\n<\/div><\/div><\/div>\n\n\n\n<div class=\"wp-block-column is-vertically-aligned-center service_item__title has-base-color has-contrast-background-color has-text-color has-background is-layout-flow wp-block-column-is-layout-flow\" style=\"flex-basis:50%\"><div class=\"gb-container gb-container-310fa7df\"><div class=\"gb-inside-container\">\n\n<h3 class=\"gb-headline gb-headline-a0d86762 gb-headline-text\">Elaboraci\u00f3n de Contratos S\u00f3lidos<\/h3>\n\n<\/div><\/div><\/div>\n<\/div>\n\n<\/div><\/div><div class=\"gb-container gb-container-9c7a2d2a service_item alignfull\"><div class=\"gb-inside-container\">\n\n<div class=\"wp-block-columns alignfull are-vertically-aligned-center is-layout-flex wp-container-core-columns-is-layout-9d6595d7 wp-block-columns-is-layout-flex\">\n<div class=\"wp-block-column is-vertically-aligned-center service_item__title has-base-color has-contrast-background-color has-text-color has-background is-layout-flow wp-block-column-is-layout-flow\" style=\"flex-basis:50%\"><div class=\"gb-container gb-container-0e5cab91\"><div class=\"gb-inside-container\">\n\n<h3 class=\"gb-headline gb-headline-1a5cb896 gb-headline-text\">Gesti\u00f3n de Conflictos<\/h3>\n\n<\/div><\/div><\/div>\n\n\n\n<div class=\"wp-block-column is-vertically-aligned-center service_item__content is-layout-flow wp-block-column-is-layout-flow\"><div class=\"gb-container gb-container-d14eec10\"><div class=\"gb-inside-container\">\n\n<p>La presencia de un servicio jur\u00eddico especializado facilita la resoluci\u00f3n de conflictos y tr\u00e1mites judiciales, incluyendo desahucios, de forma eficiente.<\/p>\n\n<\/div><\/div><\/div>\n<\/div>\n\n<\/div><\/div><div class=\"gb-container gb-container-3386d072 service_item alignfull\"><div class=\"gb-inside-container\">\n\n<div class=\"wp-block-columns alignfull are-vertically-aligned-center is-layout-flex wp-container-core-columns-is-layout-9d6595d7 wp-block-columns-is-layout-flex\">\n<div class=\"wp-block-column is-vertically-aligned-center service_item__content is-layout-flow wp-block-column-is-layout-flow\"><div class=\"gb-container gb-container-2bfd4e60\"><div class=\"gb-inside-container\">\n\n<p>El profundo conocimiento de la normativa y la experiencia en tr\u00e1mites legales garantizan el cumplimiento de todas las obligaciones legales y tributarias.<\/p>\n\n<\/div><\/div><\/div>\n\n\n\n<div class=\"wp-block-column is-vertically-aligned-center service_item__title has-base-color has-contrast-background-color has-text-color has-background is-layout-flow wp-block-column-is-layout-flow\" style=\"flex-basis:50%\"><div class=\"gb-container gb-container-5844a1b1\"><div class=\"gb-inside-container\">\n\n<h3 class=\"gb-headline gb-headline-92bb3db0 gb-headline-text\">Cumplimiento Normativo y Legal<\/h3>\n\n<\/div><\/div><\/div>\n<\/div>\n\n<\/div><\/div><div class=\"gb-container gb-container-3084c05b service_item alignfull\"><div class=\"gb-inside-container\">\n\n<div class=\"wp-block-columns alignfull are-vertically-aligned-center is-layout-flex wp-container-core-columns-is-layout-9d6595d7 wp-block-columns-is-layout-flex\">\n<div class=\"wp-block-column is-vertically-aligned-center service_item__title has-base-color has-contrast-background-color has-text-color has-background is-layout-flow wp-block-column-is-layout-flow\" style=\"flex-basis:50%\"><div class=\"gb-container gb-container-d493ac35\"><div class=\"gb-inside-container\">\n\n<h3 class=\"gb-headline gb-headline-d2af2d3e gb-headline-text\">Ahorro de Tiempo y Esfuerzo<\/h3>\n\n<\/div><\/div><\/div>\n\n\n\n<div class=\"wp-block-column is-vertically-aligned-center service_item__content is-layout-flow wp-block-column-is-layout-flow\"><div class=\"gb-container gb-container-a9dd6240\"><div class=\"gb-inside-container\">\n\n<p>Delegar la administraci\u00f3n a profesionales libera al propietario de la carga de tareas operativas y burocr\u00e1ticas, permitiendo centrarse en otras actividades.<\/p>\n\n<\/div><\/div><\/div>\n<\/div>\n\n<\/div><\/div><div class=\"gb-container gb-container-533d7d5e alignfull\"><div class=\"gb-inside-container\">\n\n<h2 class=\"gb-headline gb-headline-61e3c2ab gb-headline-text section_title\">Administra tu alquiler de forma sencilla con Toysan Finques<\/h2>\n\n\n\n<p class=\"has-text-align-center has-medium-font-size\">En Toysan Finques te lo ponemos f\u00e1cil, \u00e9stas son las caracter\u00edsticas que nos hacen tan valiosos.<\/p>\n\n<\/div><\/div><div class=\"gb-container gb-container-55cc73c6 wp-block-columns alignwide alignfull\"><div class=\"gb-inside-container\">\n\n<div class=\"wp-block-columns is-layout-flex wp-container-core-columns-is-layout-9d6595d7 wp-block-columns-is-layout-flex\">\n<div class=\"wp-block-column is-layout-flow wp-block-column-is-layout-flow\" style=\"flex-basis:100%\">\n<div class=\"wp-block-columns alignwide is-layout-flex wp-container-core-columns-is-layout-9d6595d7 wp-block-columns-is-layout-flex\">\n<div class=\"wp-block-column is-layout-flow wp-block-column-is-layout-flow\"><div class=\"wp-block-image\">\n<figure class=\"aligncenter size-full is-resized\"><img decoding=\"async\" src=\"https:\/\/toysanfinques.com\/wp-content\/uploads\/2022\/01\/respecte.svg\" alt=\"\" class=\"wp-image-6442\" style=\"width:75px;height:75px\" title=\"\"><\/figure>\n<\/div>\n\n\n<h4 class=\"wp-block-heading has-text-align-center\">Profesionalidad<\/h4>\n\n\n\n<p class=\"has-text-align-center\">El servicio de administraci\u00f3n de alquileres de Toysan Finques se distingue por su profesionalidad, respaldada por un equipo de expertos en el sector inmobiliario. La presencia de profesionales capacitados asegura que cada aspecto de la gesti\u00f3n del alquiler se lleve a cabo con un alto nivel de conocimiento y habilidad, proporcionando tranquilidad y confianza al propietario.<\/p>\n<\/div>\n\n\n\n<div class=\"wp-block-column is-layout-flow wp-block-column-is-layout-flow\"><div class=\"wp-block-image\">\n<figure class=\"aligncenter size-full is-resized\"><img decoding=\"async\" src=\"https:\/\/toysanfinques.com\/wp-content\/uploads\/2022\/01\/compromis-finques.svg\" alt=\"\" class=\"wp-image-6448\" style=\"width:75px;height:75px\" title=\"\"><\/figure>\n<\/div>\n\n\n<h4 class=\"wp-block-heading has-text-align-center\">Experiencia<\/h4>\n\n\n\n<p class=\"has-text-align-center\">Con una trayectoria demostrada en la gesti\u00f3n de alquileres, Toysan Finques posee una amplia experiencia que se traduce en resultados de \u00e9xito para los propietarios. La capacidad para anticipar desaf\u00edos comunes al mercado inmobiliario y encontrar soluciones efectivas es una de las principales fortalezas de la empresa, ofreciendo un historial de logros que apoya su competencia en este campo.<\/p>\n<\/div>\n\n\n\n<div class=\"wp-block-column is-layout-flow wp-block-column-is-layout-flow\"><div class=\"wp-block-image\">\n<figure class=\"aligncenter size-full is-resized\"><img decoding=\"async\" src=\"https:\/\/toysanfinques.com\/wp-content\/uploads\/2022\/01\/honest-administrador-finques-barcelona.svg\" alt=\"\" class=\"wp-image-6446\" style=\"width:75px;height:75px\" title=\"\"><\/figure>\n<\/div>\n\n\n<h4 class=\"wp-block-heading has-text-align-center\">Trato Personalizado<\/h4>\n\n\n\n<p class=\"has-text-align-center\">Cada propietario tiene necesidades y expectativas \u00fanicas. Toysan Finques se distingue por brindar un trato personalizado, adapt\u00e1ndose a las particularidades de cada cliente. La atenci\u00f3n individualizada no implica s\u00f3lo una comprensi\u00f3n profunda de las metas y preferencias del propietario, sino tambi\u00e9n la personalizaci\u00f3n de estrategias y servicios para satisfacer de forma \u00f3ptima sus requisitos espec\u00edficos.<\/p>\n<\/div>\n<\/div>\n<\/div>\n<\/div>\n\n\n\n<div class=\"wp-block-columns is-layout-flex wp-container-core-columns-is-layout-9d6595d7 wp-block-columns-is-layout-flex\">\n<div class=\"wp-block-column is-layout-flow wp-block-column-is-layout-flow\" style=\"flex-basis:100%\">\n<div class=\"wp-block-columns alignwide is-layout-flex wp-container-core-columns-is-layout-9d6595d7 wp-block-columns-is-layout-flex\">\n<div class=\"wp-block-column is-layout-flow wp-block-column-is-layout-flow\"><div class=\"wp-block-image\">\n<figure class=\"aligncenter size-full is-resized\"><img decoding=\"async\" src=\"https:\/\/toysanfinques.com\/wp-content\/uploads\/2022\/01\/serveis-inmobles-finques.svg\" alt=\"\" class=\"wp-image-6444\" style=\"width:75px;height:75px\" title=\"\"><\/figure>\n<\/div>\n\n\n<h4 class=\"wp-block-heading has-text-align-center\">Atenci\u00f3n al Cliente<\/h4>\n\n\n\n<p class=\"has-text-align-center\">La satisfacci\u00f3n del cliente es una prioridad en la filosof\u00eda de servicio de Toysan Finques. El equipo est\u00e1 comprometido en ofrecer respuestas r\u00e1pidas y eficientes a cualquier consulta o problema que pueda surgir durante la gesti\u00f3n del alquiler. Esta atenci\u00f3n al cliente proactiva contribuye a una experiencia positiva, generando confianza y fortaleciendo la relaci\u00f3n entre empresa y propietario.<\/p>\n<\/div>\n\n\n\n<div class=\"wp-block-column is-layout-flow wp-block-column-is-layout-flow\"><div class=\"wp-block-image\">\n<figure class=\"aligncenter size-full is-resized\"><img decoding=\"async\" width=\"500\" height=\"500\" src=\"https:\/\/toysanfinques.com\/wp-content\/uploads\/2024\/02\/1-2.png\" alt=\"\" class=\"wp-image-11675\" style=\"width:75px;height:75px\" title=\"\" srcset=\"https:\/\/toysanfinques.com\/wp-content\/uploads\/2024\/02\/1-2.png 500w, https:\/\/toysanfinques.com\/wp-content\/uploads\/2024\/02\/1-2-400x400.png 400w, https:\/\/toysanfinques.com\/wp-content\/uploads\/2024\/02\/1-2-150x150.png 150w\" sizes=\"(max-width: 500px) 100vw, 500px\" \/><\/figure>\n<\/div>\n\n\n<h4 class=\"wp-block-heading has-text-align-center\">Cartera de Contactos<\/h4>\n\n\n\n<p class=\"has-text-align-center\">La red de contactos de Toysan Finques es una herramienta valiosa para la comercializaci\u00f3n y arrendamiento r\u00e1pido de propiedades. La empresa ha establecido conexiones s\u00f3lidas en el mercado inmobiliario, lo que facilita la promoci\u00f3n efectiva de los inmuebles y agiliza el proceso de encontrar arrendatarios adecuados. Esta amplia red contribuye a minimizar los per\u00edodos de huecos de alquiler, optimizando as\u00ed la rentabilidad de las propiedades.<\/p>\n<\/div>\n\n\n\n<div class=\"wp-block-column is-layout-flow wp-block-column-is-layout-flow\"><div class=\"wp-block-image\">\n<figure class=\"aligncenter size-full is-resized\"><img decoding=\"async\" width=\"500\" height=\"500\" src=\"https:\/\/toysanfinques.com\/wp-content\/uploads\/2024\/02\/3-2.png\" alt=\"\" class=\"wp-image-11686\" style=\"width:75px;height:75px\" title=\"\" srcset=\"https:\/\/toysanfinques.com\/wp-content\/uploads\/2024\/02\/3-2.png 500w, https:\/\/toysanfinques.com\/wp-content\/uploads\/2024\/02\/3-2-400x400.png 400w, https:\/\/toysanfinques.com\/wp-content\/uploads\/2024\/02\/3-2-150x150.png 150w\" sizes=\"(max-width: 500px) 100vw, 500px\" \/><\/figure>\n<\/div>\n\n\n<h4 class=\"wp-block-heading has-text-align-center\">Transparencia y Comunicaci\u00f3n<\/h4>\n\n\n\n<p class=\"has-text-align-center\">Toysan Finques se distingue por su compromiso con la transparencia y la comunicaci\u00f3n efectiva. Mantienen a los propietarios informados sobre todos los aspectos relevantes de la gesti\u00f3n de su propiedad, desde actualizaciones sobre arrendatarios hasta informes financieros detallados. Esta transparencia fortalece la confianza del propietario en la gesti\u00f3n de su inversi\u00f3n y facilita una colaboraci\u00f3n fluida.<\/p>\n<\/div>\n<\/div>\n<\/div>\n<\/div>\n\n<\/div><\/div><div class=\"gb-container gb-container-adc07f0e\">\n\n<a class=\"gb-button gb-button-ead1622a\" href=\"https:\/\/toysanfinques.com\/es\/contacto\/\"><span class=\"gb-icon\"><svg xmlns=\"http:\/\/www.w3.org\/2000\/svg\" viewbox=\"0 0 16 16\" class=\"bi bi-telephone-forward-fill\" fill=\"currentColor\" height=\"16\" width=\"16\">   <path d=\"M1.885.511a1.745 1.745 0 0 1 2.61.163L6.29 2.98c.329.423.445.974.315 1.494l-.547 2.19a.68.68 0 0 0 .178.643l2.457 2.457a.68.68 0 0 0 .644.178l2.189-.547a1.75 1.75 0 0 1 1.494.315l2.306 1.794c.829.645.905 1.87.163 2.611l-1.034 1.034c-.74.74-1.846 1.065-2.877.702a18.6 18.6 0 0 1-7.01-4.42 18.6 18.6 0 0 1-4.42-7.009c-.362-1.03-.037-2.137.703-2.877zm10.761.135a.5.5 0 0 1 .708 0l2.5 2.5a.5.5 0 0 1 0 .708l-2.5 2.5a.5.5 0 0 1-.708-.708L14.293 4H9.5a.5.5 0 0 1 0-1h4.793l-1.647-1.646a.5.5 0 0 1 0-.708\" fill-rule=\"evenodd\"><\/path> <\/svg><\/span><span class=\"gb-button-text\">Cont\u00e1ctanos<\/span><\/a>\n\n<\/div><div class=\"gb-container gb-container-fd14cbb9 alignfull\"><div class=\"gb-inside-container\">\n\n<h2 class=\"gb-headline gb-headline-c9adeaa1 gb-headline-text section_title\">Preguntas Frecuentes (FAQ)<\/h2>\n\n\n<div id=\"rank-math-faq\" class=\"rank-math-block\">\n<div class=\"rank-math-list \">\n<div id=\"faq-question-1706788920585\" class=\"rank-math-list-item\">\n<h3 class=\"rank-math-question \"><br>\u00bfQu\u00e9 beneficios espec\u00edficos ofrece Toysan Finques en la gesti\u00f3n integral de alquileres?<\/h3>\n<div class=\"rank-math-answer \">\n\n<p>Toysan Finques se destaca por ofrecer una gesti\u00f3n integral que abarca desde la evaluaci\u00f3n y la comercializaci\u00f3n de la propiedad hasta la resoluci\u00f3n de tr\u00e1mites legales y financieros. Esta compa\u00f1\u00eda proporciona un servicio completo que garantiza una administraci\u00f3n eficiente y rentable de sus propiedades de alquiler.<\/p>\n\n<\/div>\n<\/div>\n<div id=\"faq-question-1706792501390\" class=\"rank-math-list-item\">\n<h3 class=\"rank-math-question \">\u00bfCu\u00e1les son las principales razones para elegir Toysan Finques en lugar de gestionar personalmente un alquiler?<\/h3>\n<div class=\"rank-math-answer \">\n\n<p>Contratar a Toysan Finques en lugar de gestionar personalmente un alquiler ofrece varias ventajas, como la experiencia probada en la gesti\u00f3n exitosa de propiedades, un trato personalizado que se adapta a las necesidades individuales de cada propietario, y la garant\u00eda de un servicio profesional apoyado por un equipo experto en el sector inmobiliario. Esta elecci\u00f3n libera al propietario de tareas operativas y garantiza resultados exitosos.<\/p>\n\n<\/div>\n<\/div>\n<div id=\"faq-question-1706792520826\" class=\"rank-math-list-item\">\n<h3 class=\"rank-math-question \">\u00bfC\u00f3mo se asegura Toysan Fincas de seleccionar inquilinos fiables y solventes?<\/h3>\n<div class=\"rank-math-answer \">\n\n<p>Toysan Finques implementa un proceso de evaluaci\u00f3n de solvencia exhaustivo de los candidatos a arrendatarios. \u00c9ste incluye an\u00e1lisis detallados de historiales financieros y referencias, garantizando la selecci\u00f3n de inquilinos fiables y solventes. La empresa se compromete a minimizar el riesgo de impagos y asegurar una relaci\u00f3n arrendador-inquilino s\u00f3lida y beneficiosa.<\/p>\n\n<\/div>\n<\/div>\n<div id=\"faq-question-1706792538595\" class=\"rank-math-list-item\">\n<h3 class=\"rank-math-question \">\u00bfCu\u00e1les son las implicaciones financieras y legales que gestiona Toysan Finques en nombre de los propietarios?<\/h3>\n<div class=\"rank-math-answer \">\n\n<p>Toysan Finques asume responsabilidades financieras y legales clave, tales como la elaboraci\u00f3n de contratos s\u00f3lidos, la gesti\u00f3n eficiente de cobros y pagos, la representaci\u00f3n legal en tr\u00e1mites judiciales, incluyendo desahucios en su caso, y la coordinaci\u00f3n de tr\u00e1mites administrativos como c\u00e9dulas de habitabilidad. Esto alivia a los propietarios de preocupaciones operativas, garantizando el cumplimiento normativo y un flujo financiero \u00f3ptimo.<\/p>\n\n<\/div>\n<\/div>\n<\/div>\n<\/div>\n<\/div><\/div><div class=\"gb-container gb-container-a0b21bba\">\n\n<p class=\"has-text-align-center has-base-color has-text-color has-link-color wp-elements-fd7b85c4c9de72e7594af2f490167be5\"><a href=\"https:\/\/g.co\/kgs\/wz993ej\" rel=\"nofollow\">Toysan Finques <\/a><\/p>\n\n<\/div>","protected":false},"excerpt":{"rendered":"<p>Te presentamos nuestro servicio de gesti\u00f3n de comunidades de propietarios, una forma f\u00e1cil y c\u00f3moda de garantizar el buen funcionamiento<\/p>\n","protected":false},"author":1,"featured_media":11862,"parent":0,"menu_order":0,"comment_status":"closed","ping_status":"closed","template":"","meta":{"_acf_changed":false,"footnotes":""},"class_list":["post-11770","page","type-page","status-publish","has-post-thumbnail"],"acf":[],"_links":{"self":[{"href":"https:\/\/toysanfinques.com\/es\/wp-json\/wp\/v2\/pages\/11770","targetHints":{"allow":["GET"]}}],"collection":[{"href":"https:\/\/toysanfinques.com\/es\/wp-json\/wp\/v2\/pages"}],"about":[{"href":"https:\/\/toysanfinques.com\/es\/wp-json\/wp\/v2\/types\/page"}],"author":[{"embeddable":true,"href":"https:\/\/toysanfinques.com\/es\/wp-json\/wp\/v2\/users\/1"}],"replies":[{"embeddable":true,"href":"https:\/\/toysanfinques.com\/es\/wp-json\/wp\/v2\/comments?post=11770"}],"version-history":[{"count":6,"href":"https:\/\/toysanfinques.com\/es\/wp-json\/wp\/v2\/pages\/11770\/revisions"}],"predecessor-version":[{"id":11853,"href":"https:\/\/toysanfinques.com\/es\/wp-json\/wp\/v2\/pages\/11770\/revisions\/11853"}],"wp:featuredmedia":[{"embeddable":true,"href":"https:\/\/toysanfinques.com\/es\/wp-json\/wp\/v2\/media\/11862"}],"wp:attachment":[{"href":"https:\/\/toysanfinques.com\/es\/wp-json\/wp\/v2\/media?parent=11770"}],"curies":[{"name":"wp","href":"https:\/\/api.w.org\/{rel}","templated":true}]}}